{"id":1085,"date":"2021-09-06T21:01:05","date_gmt":"2021-09-06T20:01:05","guid":{"rendered":"http:\/\/mirabel-valdedrome.fr\/?page_id=1085"},"modified":"2024-12-12T13:58:21","modified_gmt":"2024-12-12T12:58:21","slug":"paul","status":"publish","type":"page","link":"https:\/\/associationmirabel.fr\/?page_id=1085","title":{"rendered":"Homage \u00e0 Paul Odemard"},"content":{"rendered":"\n<h2 class=\"wp-block-heading\"><\/h2>\n\n\n\n<p>Un tr\u00e8s fid\u00e8le ami de Mirabel nous a quitt\u00e9s en d\u00e9cembre 2020.<\/p>\n\n\n\n<p>L\u2019association, pr\u00e9sente aux obs\u00e8ques, a particip\u00e9 ainsi \u00e0 l\u2019hommage :<\/p>\n\n\n\n<p><em>Du plus lointain qu\u2019il nous souvienne, la m\u00e9moire du vieux village est associ\u00e9e \u00e0 Paul. Aux amis de Mirabel, il rappelait volontiers que son mariage avait \u00e9t\u00e9 le dernier acte de l\u2019histoire du temple. Il a particip\u00e9 fid\u00e8lement aux nombreux \u00e9v\u00e9nements mis en \u0153uvre par l\u2019association&nbsp;: soir\u00e9es d\u2019\u00e9noyage, feux de la Saint-Jean, concerts, \u00e9v\u00e9nements li\u00e9s \u00e0 l\u2019histoire de la commune\u2026 Pendant tr\u00e8s longtemps, tant que ses forces le permettaient, ses pas le conduisaient au village d\u2019en haut, dont il arpentait les chemins, surveillant les pierres chancelantes des b\u00e2timents en ruine, accompagnant la nouvelle histoire de l\u2019ancien temple devenu Maison de Mirabel. Combien de fois il a appel\u00e9 les responsables de l\u2019association pour signaler une tuile cass\u00e9e, une fuite d\u2019eau, une porte mal ferm\u00e9e, un \u00e9clairage public mal \u00e9teint. En marchant nous-m\u00eames sur ses traces, aujourd\u2019hui, nous nous souvenons qu\u2019il \u00e9tait comme un ange gardien du vieux village, et les m\u00eames pierres qui roulaient sous ses pas nous disent l\u2019amour que Paul portait au village.<\/em><\/p>\n\n\n\n<p>L\u2019association a d\u00e9cid\u00e9 de planter un tilleul en souvenir de notre ami. Une plaque figurera au pied de l\u2019arbre.<\/p>\n\n\n\n<figure class=\"wp-block-image\"><img loading=\"lazy\" decoding=\"async\" width=\"943\" height=\"414\" src=\"http:\/\/associationmirabel.fr\/wp-content\/uploads\/2021\/03\/souvenir-Paul-Odemard-1.png\" alt=\"\" class=\"wp-image-1072\" srcset=\"https:\/\/associationmirabel.fr\/wp-content\/uploads\/2021\/03\/souvenir-Paul-Odemard-1.png 943w, https:\/\/associationmirabel.fr\/wp-content\/uploads\/2021\/03\/souvenir-Paul-Odemard-1-300x132.png 300w, https:\/\/associationmirabel.fr\/wp-content\/uploads\/2021\/03\/souvenir-Paul-Odemard-1-768x337.png 768w\" sizes=\"auto, (max-width: 943px) 100vw, 943px\" \/><\/figure>\n\n\n\n<p>Denis Serret, l\u2019artisan de cet hommage, s\u2019est \u00e9galement charg\u00e9 d\u2019une nouvelle plantation, un tilleul, \u00e0 c\u00f4t\u00e9 de l\u2019arbre de la libert\u00e9. Trois plaques sont donc pr\u00e9vues, m\u00e9talliques : celle du souvenir, celle qui figurera au pied de l\u2019arbre de la libert\u00e9 plant\u00e9 en 1989, et celle qui indiquera la maison de Mirabel, ancien temple.<\/p>\n\n\n\n<p>\/<\/p>\n\n\n\n<figure class=\"wp-block-image aligncenter size-full\"><img loading=\"lazy\" decoding=\"async\" width=\"296\" height=\"446\" src=\"http:\/\/associationmirabel.fr\/wp-content\/uploads\/2021\/09\/Paul.png\" alt=\"\" class=\"wp-image-1092\" srcset=\"https:\/\/associationmirabel.fr\/wp-content\/uploads\/2021\/09\/Paul.png 296w, https:\/\/associationmirabel.fr\/wp-content\/uploads\/2021\/09\/Paul-199x300.png 199w\" sizes=\"auto, (max-width: 296px) 100vw, 296px\" \/><\/figure>\n","protected":false},"excerpt":{"rendered":"<p>Un tr\u00e8s fid\u00e8le ami de Mirabel nous a quitt\u00e9s en d\u00e9cembre 2020. L\u2019association, pr\u00e9sente aux obs\u00e8ques, a particip\u00e9 ainsi \u00e0 l\u2019hommage : Du plus lointain qu\u2019il nous souvienne, la m\u00e9moire du vieux village est associ\u00e9e \u00e0 Paul. Aux amis de Mirabel, il rappelait volontiers que son mariage avait \u00e9t\u00e9 le dernier acte de l\u2019histoire du [&hellip;]<\/p>\n","protected":false},"author":1,"featured_media":0,"parent":195,"menu_order":0,"comment_status":"closed","ping_status":"closed","template":"wp-custom-template-page-d-histoire","meta":{"footnotes":""},"class_list":["post-1085","page","type-page","status-publish","hentry"],"_links":{"self":[{"href":"https:\/\/associationmirabel.fr\/index.php?rest_route=\/wp\/v2\/pages\/1085","targetHints":{"allow":["GET"]}}],"collection":[{"href":"https:\/\/associationmirabel.fr\/index.php?rest_route=\/wp\/v2\/pages"}],"about":[{"href":"https:\/\/associationmirabel.fr\/index.php?rest_route=\/wp\/v2\/types\/page"}],"author":[{"embeddable":true,"href":"https:\/\/associationmirabel.fr\/index.php?rest_route=\/wp\/v2\/users\/1"}],"replies":[{"embeddable":true,"href":"https:\/\/associationmirabel.fr\/index.php?rest_route=%2Fwp%2Fv2%2Fcomments&post=1085"}],"version-history":[{"count":3,"href":"https:\/\/associationmirabel.fr\/index.php?rest_route=\/wp\/v2\/pages\/1085\/revisions"}],"predecessor-version":[{"id":2001,"href":"https:\/\/associationmirabel.fr\/index.php?rest_route=\/wp\/v2\/pages\/1085\/revisions\/2001"}],"up":[{"embeddable":true,"href":"https:\/\/associationmirabel.fr\/index.php?rest_route=\/wp\/v2\/pages\/195"}],"wp:attachment":[{"href":"https:\/\/associationmirabel.fr\/index.php?rest_route=%2Fwp%2Fv2%2Fmedia&parent=1085"}],"curies":[{"name":"wp","href":"https:\/\/api.w.org\/{rel}","templated":true}]}}