{"id":1385,"date":"2022-09-23T16:34:33","date_gmt":"2022-09-23T15:34:33","guid":{"rendered":"https:\/\/mirabel-valdedrome.fr\/?page_id=1385"},"modified":"2025-03-24T15:42:46","modified_gmt":"2025-03-24T14:42:46","slug":"angele-et-domingo","status":"publish","type":"page","link":"https:\/\/associationmirabel.fr\/?page_id=1385","title":{"rendered":"Ang\u00e8le et Domingo"},"content":{"rendered":"\n<p class=\"has-green-color has-text-color has-large-font-size\"><strong>DUO POLYPHONIQUE AU FIL DE L&rsquo;EAU<\/strong><\/p>\n\n\n\n<p class=\"has-medium-font-size\">Ang\u00e8le et Domingo s&rsquo;\u00e9taient de nouveau donn\u00e9 rendez-vous \u00e0 Mirabel, en ces journ\u00e9es du patrimoine.<\/p>\n\n\n\n<p class=\"has-medium-font-size\">Les deux derniers habitants du \u00ab\u00a0vieux Mirabel\u00a0\u00bb, disparus dans les ann\u00e9es 1970, retrouvaient vie gr\u00e2ce aux nouveaux habitants du village perch\u00e9, et \u00e0 deux associations qui g\u00e9raient l&rsquo;\u00e9v\u00e9nement, <strong>Tuk Tuk Productions<\/strong> et <strong>TRUC<\/strong>, ainsi que l<strong>&lsquo;association Mirabel<\/strong> qui accueillait l&rsquo;\u00e9v\u00e9nement.<\/p>\n\n\n\n<p><\/p>\n\n\n\n<p class=\"has-medium-font-size\">A la nuit tomb\u00e9e, dans une rue qui parcourt le village d&rsquo;est en ouest, des  habitants.tes ont r\u00e9anim\u00e9 l&rsquo;histoire de deux r\u00e9sistants\u00a0: Dominique P\u00e9rez, alias Domingo, qui a fui le franquisme et les ge\u00f4les de la dictature espagnole, et Ang\u00e8le Poulet, qui a r\u00e9sist\u00e9 \u00e0 la d\u00e9sertion de Mirabel en faveur de Blacons, et occup\u00e9 jusqu&rsquo;\u00e0 sa mort les terres abandonn\u00e9es, avec ses ch\u00e8vres.<\/p>\n\n\n\n<p class=\"has-medium-font-size\">Les fen\u00eatres de la rue principale s&rsquo;ouvraient \u00e0 des sc\u00e8nes parcourant la vie des deux rebelles, un ch\u0153ur de femmes accompagnait le r\u00e9cit, comme dans la Gr\u00e8ce antique, ponctu\u00e9 des b\u00ealements d&rsquo;un troupeau de ch\u00e8vres, et des cris d&rsquo;un prisonnier. Sur le grand\u00a0 mur de pierres, un \u00e9cran restituait, en projection de figures anim\u00e9es, la d\u00e9termination d&rsquo;Ang\u00e8le et l&rsquo;arriv\u00e9e de Domingo. Sur deux autres fen\u00eatres, avec les ombres et les voix de la vieille femme \u00e9crivant une lettre et de Domingo la recevant, on ne pouvait qu&rsquo;\u00eatre saisi par l&rsquo;\u00e9motion.<\/p>\n\n\n\n<p class=\"has-medium-font-size\">Cette lettre, on la retrouve dans l&rsquo;exposition con\u00e7ue par Jacques l&rsquo;architecte, \u00e0 l&rsquo;int\u00e9rieur de l&rsquo;ancien temple, avec les membres de l&rsquo;association Mirabel. A partir de l&rsquo;histoire des deux personnages entr\u00e9s dans la l\u00e9gende de Mirabel, et notamment d&rsquo;une photo embl\u00e9matique, celle d&rsquo;Ang\u00e8le au puits, l&rsquo;exposition, au fil de l&rsquo;eau, montre comment les habitants du vieux village ont su construire un r\u00e9seau permettant la vie&nbsp;: des citernes, un puits, une source, et un vieux lavoir, en contrebas.<\/p>\n\n\n\n<p class=\"has-medium-font-size\"><\/p>\n\n\n\n<figure class=\"wp-block-gallery has-nested-images columns-default is-cropped wp-block-gallery-1 is-layout-flex wp-block-gallery-is-layout-flex\">\n<figure class=\"wp-block-image size-large\"><img loading=\"lazy\" decoding=\"async\" width=\"480\" height=\"360\" data-id=\"1390\" src=\"https:\/\/associationmirabel.fr\/wp-content\/uploads\/2022\/09\/cid_389C559A-2BF9-4DFA-92D8-B9278365390B.jpg\" alt=\"\" class=\"wp-image-1390\" srcset=\"https:\/\/associationmirabel.fr\/wp-content\/uploads\/2022\/09\/cid_389C559A-2BF9-4DFA-92D8-B9278365390B.jpg 480w, https:\/\/associationmirabel.fr\/wp-content\/uploads\/2022\/09\/cid_389C559A-2BF9-4DFA-92D8-B9278365390B-300x225.jpg 300w\" sizes=\"auto, (max-width: 480px) 100vw, 480px\" \/><\/figure>\n\n\n\n<figure class=\"wp-block-image size-large\"><img loading=\"lazy\" decoding=\"async\" width=\"595\" height=\"822\" data-id=\"1394\" src=\"https:\/\/associationmirabel.fr\/wp-content\/uploads\/2022\/09\/AD-1.jpg\" alt=\"\" class=\"wp-image-1394\" srcset=\"https:\/\/associationmirabel.fr\/wp-content\/uploads\/2022\/09\/AD-1.jpg 595w, https:\/\/associationmirabel.fr\/wp-content\/uploads\/2022\/09\/AD-1-217x300.jpg 217w\" sizes=\"auto, (max-width: 595px) 100vw, 595px\" \/><\/figure>\n\n\n\n<figure class=\"wp-block-image size-large\"><img loading=\"lazy\" decoding=\"async\" width=\"800\" height=\"600\" data-id=\"1388\" src=\"https:\/\/associationmirabel.fr\/wp-content\/uploads\/2022\/09\/cid_8D4F51B2-C4D1-4772-BC6F-62EA402F4581.jpg\" alt=\"\" class=\"wp-image-1388\" srcset=\"https:\/\/associationmirabel.fr\/wp-content\/uploads\/2022\/09\/cid_8D4F51B2-C4D1-4772-BC6F-62EA402F4581.jpg 800w, https:\/\/associationmirabel.fr\/wp-content\/uploads\/2022\/09\/cid_8D4F51B2-C4D1-4772-BC6F-62EA402F4581-300x225.jpg 300w, https:\/\/associationmirabel.fr\/wp-content\/uploads\/2022\/09\/cid_8D4F51B2-C4D1-4772-BC6F-62EA402F4581-768x576.jpg 768w\" sizes=\"auto, (max-width: 800px) 100vw, 800px\" \/><\/figure>\n\n\n\n<figure class=\"wp-block-image size-large\"><img loading=\"lazy\" decoding=\"async\" width=\"480\" height=\"360\" data-id=\"1393\" src=\"https:\/\/associationmirabel.fr\/wp-content\/uploads\/2022\/09\/cid_FDC517AB-BCA2-4469-8D04-A0E440888C94.jpg\" alt=\"\" class=\"wp-image-1393\" srcset=\"https:\/\/associationmirabel.fr\/wp-content\/uploads\/2022\/09\/cid_FDC517AB-BCA2-4469-8D04-A0E440888C94.jpg 480w, https:\/\/associationmirabel.fr\/wp-content\/uploads\/2022\/09\/cid_FDC517AB-BCA2-4469-8D04-A0E440888C94-300x225.jpg 300w\" sizes=\"auto, (max-width: 480px) 100vw, 480px\" \/><\/figure>\n<\/figure>\n","protected":false},"excerpt":{"rendered":"<p>DUO POLYPHONIQUE AU FIL DE L&rsquo;EAU Ang\u00e8le et Domingo s&rsquo;\u00e9taient de nouveau donn\u00e9 rendez-vous \u00e0 Mirabel, en ces journ\u00e9es du patrimoine. Les deux derniers habitants du \u00ab\u00a0vieux Mirabel\u00a0\u00bb, disparus dans les ann\u00e9es 1970, retrouvaient vie gr\u00e2ce aux nouveaux habitants du village perch\u00e9, et \u00e0 deux associations qui g\u00e9raient l&rsquo;\u00e9v\u00e9nement, Tuk Tuk Productions et TRUC, ainsi [&hellip;]<\/p>\n","protected":false},"author":1,"featured_media":1394,"parent":1779,"menu_order":0,"comment_status":"closed","ping_status":"closed","template":"","meta":{"footnotes":""},"class_list":["post-1385","page","type-page","status-publish","has-post-thumbnail","hentry"],"_links":{"self":[{"href":"https:\/\/associationmirabel.fr\/index.php?rest_route=\/wp\/v2\/pages\/1385","targetHints":{"allow":["GET"]}}],"collection":[{"href":"https:\/\/associationmirabel.fr\/index.php?rest_route=\/wp\/v2\/pages"}],"about":[{"href":"https:\/\/associationmirabel.fr\/index.php?rest_route=\/wp\/v2\/types\/page"}],"author":[{"embeddable":true,"href":"https:\/\/associationmirabel.fr\/index.php?rest_route=\/wp\/v2\/users\/1"}],"replies":[{"embeddable":true,"href":"https:\/\/associationmirabel.fr\/index.php?rest_route=%2Fwp%2Fv2%2Fcomments&post=1385"}],"version-history":[{"count":8,"href":"https:\/\/associationmirabel.fr\/index.php?rest_route=\/wp\/v2\/pages\/1385\/revisions"}],"predecessor-version":[{"id":2099,"href":"https:\/\/associationmirabel.fr\/index.php?rest_route=\/wp\/v2\/pages\/1385\/revisions\/2099"}],"up":[{"embeddable":true,"href":"https:\/\/associationmirabel.fr\/index.php?rest_route=\/wp\/v2\/pages\/1779"}],"wp:featuredmedia":[{"embeddable":true,"href":"https:\/\/associationmirabel.fr\/index.php?rest_route=\/wp\/v2\/media\/1394"}],"wp:attachment":[{"href":"https:\/\/associationmirabel.fr\/index.php?rest_route=%2Fwp%2Fv2%2Fmedia&parent=1385"}],"curies":[{"name":"wp","href":"https:\/\/api.w.org\/{rel}","templated":true}]}}