{"id":1779,"date":"2024-09-23T15:46:54","date_gmt":"2024-09-23T13:46:54","guid":{"rendered":"https:\/\/associationmirabel.fr\/?page_id=1779"},"modified":"2025-03-24T15:40:36","modified_gmt":"2025-03-24T14:40:36","slug":"culture","status":"publish","type":"page","link":"https:\/\/associationmirabel.fr\/?page_id=1779","title":{"rendered":"Culture"},"content":{"rendered":"\n<p><strong>L&rsquo;association Mirabel a le d\u00e9sir d&rsquo;animer le village par des propositions culturelles.<\/strong><\/p>\n\n\n\n<p><strong>Elle accueille des expositions, festivals, spectacles et r\u00e9sidences d&rsquo;artistes.<\/strong><\/p>\n\n\n\n<p><strong>Les traditions locales perdurent \u00e0 travers des manifestations festives interg\u00e9n\u00e9rationnelles.<\/strong><\/p>\n\n\n\n<p><\/p>\n\n\n\n<p><em>Si vous voulez proposer un \u00e9v\u00e8nement, un spectacle ou une exposition, contactez nous :associationmirabel@lail.fr<\/em><\/p>\n\n\n\n<p><em>Fiche technique des salles et de l&rsquo;ext\u00e9rieur <a href=\"https:\/\/cloud.lail.fr\/s\/EzZFa2YQ895sx7a\">ici <\/a><\/em><\/p>\n\n\n\n<p><\/p>\n\n\n\n<p>Le vieux village de Mirabel accueille un jeu de piste po\u00e9tique \u00ab\u00a0Terrem\u00e8re\u00a0\u00bb qui d\u00e9marre \u00e0 CAZBA et finit \u00e0 la Maison de Mirabel. Toutes les infos <a href=\"https:\/\/cazba.art\/\">ici <\/a><\/p>\n\n\n\n<figure class=\"wp-block-gallery has-nested-images columns-default is-cropped wp-block-gallery-1 is-layout-flex wp-block-gallery-is-layout-flex\">\n<figure class=\"wp-block-image size-large\"><img loading=\"lazy\" decoding=\"async\" width=\"480\" height=\"360\" data-id=\"1393\" src=\"https:\/\/associationmirabel.fr\/wp-content\/uploads\/2022\/09\/cid_FDC517AB-BCA2-4469-8D04-A0E440888C94.jpg\" alt=\"\" class=\"wp-image-1393\" srcset=\"https:\/\/associationmirabel.fr\/wp-content\/uploads\/2022\/09\/cid_FDC517AB-BCA2-4469-8D04-A0E440888C94.jpg 480w, https:\/\/associationmirabel.fr\/wp-content\/uploads\/2022\/09\/cid_FDC517AB-BCA2-4469-8D04-A0E440888C94-300x225.jpg 300w\" sizes=\"auto, (max-width: 480px) 100vw, 480px\" \/><figcaption class=\"wp-element-caption\"><strong>Spectacle d&rsquo;ombres<\/strong><\/figcaption><\/figure>\n\n\n\n<figure class=\"wp-block-image size-large\"><img loading=\"lazy\" decoding=\"async\" width=\"1024\" height=\"768\" data-id=\"1773\" src=\"http:\/\/associationmirabel.fr\/wp-content\/uploads\/2024\/09\/P1040097-1024x768.jpg\" alt=\"\" class=\"wp-image-1773\" srcset=\"https:\/\/associationmirabel.fr\/wp-content\/uploads\/2024\/09\/P1040097-1024x768.jpg 1024w, https:\/\/associationmirabel.fr\/wp-content\/uploads\/2024\/09\/P1040097-300x225.jpg 300w, https:\/\/associationmirabel.fr\/wp-content\/uploads\/2024\/09\/P1040097-768x576.jpg 768w, https:\/\/associationmirabel.fr\/wp-content\/uploads\/2024\/09\/P1040097-1536x1152.jpg 1536w, https:\/\/associationmirabel.fr\/wp-content\/uploads\/2024\/09\/P1040097-2048x1536.jpg 2048w\" sizes=\"auto, (max-width: 1024px) 100vw, 1024px\" \/><figcaption class=\"wp-element-caption\"><strong>Jeu de piste po\u00e9tique <\/strong><\/figcaption><\/figure>\n\n\n\n<figure class=\"wp-block-image size-large is-style-default\"><img loading=\"lazy\" decoding=\"async\" width=\"800\" height=\"600\" data-id=\"1388\" src=\"https:\/\/associationmirabel.fr\/wp-content\/uploads\/2022\/09\/cid_8D4F51B2-C4D1-4772-BC6F-62EA402F4581.jpg\" alt=\"\" class=\"wp-image-1388\" srcset=\"https:\/\/associationmirabel.fr\/wp-content\/uploads\/2022\/09\/cid_8D4F51B2-C4D1-4772-BC6F-62EA402F4581.jpg 800w, https:\/\/associationmirabel.fr\/wp-content\/uploads\/2022\/09\/cid_8D4F51B2-C4D1-4772-BC6F-62EA402F4581-300x225.jpg 300w, https:\/\/associationmirabel.fr\/wp-content\/uploads\/2022\/09\/cid_8D4F51B2-C4D1-4772-BC6F-62EA402F4581-768x576.jpg 768w\" sizes=\"auto, (max-width: 800px) 100vw, 800px\" \/><figcaption class=\"wp-element-caption\"><strong>Spectacle d\u00e9ambulatoire <\/strong><\/figcaption><\/figure>\n\n\n\n<figure class=\"wp-block-image size-full is-style-default\"><img loading=\"lazy\" decoding=\"async\" width=\"799\" height=\"599\" data-id=\"2036\" src=\"https:\/\/associationmirabel.fr\/wp-content\/uploads\/2024\/12\/LES-TCHAKS.jpg\" alt=\"\" class=\"wp-image-2036\" srcset=\"https:\/\/associationmirabel.fr\/wp-content\/uploads\/2024\/12\/LES-TCHAKS.jpg 799w, https:\/\/associationmirabel.fr\/wp-content\/uploads\/2024\/12\/LES-TCHAKS-300x225.jpg 300w, https:\/\/associationmirabel.fr\/wp-content\/uploads\/2024\/12\/LES-TCHAKS-768x576.jpg 768w\" sizes=\"auto, (max-width: 799px) 100vw, 799px\" \/><figcaption class=\"wp-element-caption\"><strong>Les Tchaks en concert<\/strong><\/figcaption><\/figure>\n\n\n\n<figure class=\"wp-block-image size-full is-style-default\"><img loading=\"lazy\" decoding=\"async\" width=\"564\" height=\"423\" data-id=\"2042\" src=\"https:\/\/associationmirabel.fr\/wp-content\/uploads\/2024\/12\/JEUX-MAISON-DE-MIRABEL.jpg\" alt=\"\" class=\"wp-image-2042\" srcset=\"https:\/\/associationmirabel.fr\/wp-content\/uploads\/2024\/12\/JEUX-MAISON-DE-MIRABEL.jpg 564w, https:\/\/associationmirabel.fr\/wp-content\/uploads\/2024\/12\/JEUX-MAISON-DE-MIRABEL-300x225.jpg 300w\" sizes=\"auto, (max-width: 564px) 100vw, 564px\" \/><figcaption class=\"wp-element-caption\"><strong>Jeux<\/strong><\/figcaption><\/figure>\n\n\n\n<figure class=\"wp-block-image size-full is-style-default\"><img loading=\"lazy\" decoding=\"async\" width=\"564\" height=\"423\" data-id=\"2038\" src=\"https:\/\/associationmirabel.fr\/wp-content\/uploads\/2024\/12\/SPECTACLE-DEDANS.jpg\" alt=\"\" class=\"wp-image-2038\" srcset=\"https:\/\/associationmirabel.fr\/wp-content\/uploads\/2024\/12\/SPECTACLE-DEDANS.jpg 564w, https:\/\/associationmirabel.fr\/wp-content\/uploads\/2024\/12\/SPECTACLE-DEDANS-300x225.jpg 300w\" sizes=\"auto, (max-width: 564px) 100vw, 564px\" \/><figcaption class=\"wp-element-caption\"><strong>Public <\/strong><\/figcaption><\/figure>\n\n\n\n<figure class=\"wp-block-image size-large is-style-default\"><img loading=\"lazy\" decoding=\"async\" width=\"1024\" height=\"594\" data-id=\"2044\" src=\"https:\/\/associationmirabel.fr\/wp-content\/uploads\/2024\/12\/SPECTACLE-INSIDE-1024x594.jpg\" alt=\"\" class=\"wp-image-2044\" srcset=\"https:\/\/associationmirabel.fr\/wp-content\/uploads\/2024\/12\/SPECTACLE-INSIDE-1024x594.jpg 1024w, https:\/\/associationmirabel.fr\/wp-content\/uploads\/2024\/12\/SPECTACLE-INSIDE-300x174.jpg 300w, https:\/\/associationmirabel.fr\/wp-content\/uploads\/2024\/12\/SPECTACLE-INSIDE-768x445.jpg 768w, https:\/\/associationmirabel.fr\/wp-content\/uploads\/2024\/12\/SPECTACLE-INSIDE-1536x891.jpg 1536w, https:\/\/associationmirabel.fr\/wp-content\/uploads\/2024\/12\/SPECTACLE-INSIDE.jpg 1600w\" sizes=\"auto, (max-width: 1024px) 100vw, 1024px\" \/><figcaption class=\"wp-element-caption\"><strong>Spectacle <\/strong><\/figcaption><\/figure>\n\n\n\n<figure class=\"wp-block-image size-full is-style-default\"><img loading=\"lazy\" decoding=\"async\" width=\"564\" height=\"423\" data-id=\"2045\" src=\"https:\/\/associationmirabel.fr\/wp-content\/uploads\/2024\/12\/FETE-DEVANT.jpg\" alt=\"\" class=\"wp-image-2045\" srcset=\"https:\/\/associationmirabel.fr\/wp-content\/uploads\/2024\/12\/FETE-DEVANT.jpg 564w, https:\/\/associationmirabel.fr\/wp-content\/uploads\/2024\/12\/FETE-DEVANT-300x225.jpg 300w\" sizes=\"auto, (max-width: 564px) 100vw, 564px\" \/><figcaption class=\"wp-element-caption\"><strong>F\u00eate <\/strong><\/figcaption><\/figure>\n<\/figure>\n\n\n\n<p><\/p>\n","protected":false},"excerpt":{"rendered":"<p>L&rsquo;association Mirabel a le d\u00e9sir d&rsquo;animer le village par des propositions culturelles. Elle accueille des expositions, festivals, spectacles et r\u00e9sidences d&rsquo;artistes. Les traditions locales perdurent \u00e0 travers des manifestations festives interg\u00e9n\u00e9rationnelles. Si vous voulez proposer un \u00e9v\u00e8nement, un spectacle ou une exposition, contactez nous :associationmirabel@lail.fr Fiche technique des salles et de l&rsquo;ext\u00e9rieur ici Le vieux [&hellip;]<\/p>\n","protected":false},"author":1,"featured_media":1788,"parent":0,"menu_order":-1,"comment_status":"closed","ping_status":"closed","template":"wp-custom-template-page-de-culture","meta":{"footnotes":""},"class_list":["post-1779","page","type-page","status-publish","has-post-thumbnail","hentry"],"_links":{"self":[{"href":"https:\/\/associationmirabel.fr\/index.php?rest_route=\/wp\/v2\/pages\/1779","targetHints":{"allow":["GET"]}}],"collection":[{"href":"https:\/\/associationmirabel.fr\/index.php?rest_route=\/wp\/v2\/pages"}],"about":[{"href":"https:\/\/associationmirabel.fr\/index.php?rest_route=\/wp\/v2\/types\/page"}],"author":[{"embeddable":true,"href":"https:\/\/associationmirabel.fr\/index.php?rest_route=\/wp\/v2\/users\/1"}],"replies":[{"embeddable":true,"href":"https:\/\/associationmirabel.fr\/index.php?rest_route=%2Fwp%2Fv2%2Fcomments&post=1779"}],"version-history":[{"count":16,"href":"https:\/\/associationmirabel.fr\/index.php?rest_route=\/wp\/v2\/pages\/1779\/revisions"}],"predecessor-version":[{"id":2096,"href":"https:\/\/associationmirabel.fr\/index.php?rest_route=\/wp\/v2\/pages\/1779\/revisions\/2096"}],"wp:featuredmedia":[{"embeddable":true,"href":"https:\/\/associationmirabel.fr\/index.php?rest_route=\/wp\/v2\/media\/1788"}],"wp:attachment":[{"href":"https:\/\/associationmirabel.fr\/index.php?rest_route=%2Fwp%2Fv2%2Fmedia&parent=1779"}],"curies":[{"name":"wp","href":"https:\/\/api.w.org\/{rel}","templated":true}]}}