{"id":1781,"date":"2024-09-23T15:57:40","date_gmt":"2024-09-23T13:57:40","guid":{"rendered":"https:\/\/associationmirabel.fr\/?page_id=1781"},"modified":"2025-03-24T15:34:21","modified_gmt":"2025-03-24T14:34:21","slug":"patrimoine-2","status":"publish","type":"page","link":"https:\/\/associationmirabel.fr\/?page_id=1781","title":{"rendered":"Patrimoine"},"content":{"rendered":"\n<figure class=\"wp-block-image size-full\"><img loading=\"lazy\" decoding=\"async\" width=\"296\" height=\"355\" src=\"http:\/\/associationmirabel.fr\/wp-content\/uploads\/2024\/02\/3-Roger-Amblard-copie.jpeg\" alt=\"\" class=\"wp-image-1649\" srcset=\"https:\/\/associationmirabel.fr\/wp-content\/uploads\/2024\/02\/3-Roger-Amblard-copie.jpeg 296w, https:\/\/associationmirabel.fr\/wp-content\/uploads\/2024\/02\/3-Roger-Amblard-copie-250x300.jpeg 250w\" sizes=\"auto, (max-width: 296px) 100vw, 296px\" \/><\/figure>\n\n\n\n<p><\/p>\n\n\n\n<p><strong>L&rsquo;association anime le vieux village de Mirabel, entretient le verger de la Foutoune, et embellit le patrimoine.<\/strong><\/p>\n\n\n\n<p><\/p>\n\n\n\n<p>Cr\u00e9\u00e9e en 1976 pour la sauvegarde du vieux village, l\u2019association Mirabel s\u2019est engag\u00e9e \u00e0 partir de 1978 dans la restauration du temple d\u00e9saffect\u00e9, dernier b\u00e2timent communal, construit en 1858.<\/p>\n\n\n\n<p>Au fil des ann\u00e9es, cette r\u00e9novation a n\u00e9cessit\u00e9 des milliers d\u2019heures de travail de la part des b\u00e9n\u00e9voles de la commune.<\/p>\n\n\n\n<p>L\u2019engagement budg\u00e9taire de l\u2019association, qui loue la <em>Maison de Mirabel<\/em> pour des rencontres familiales ou culturelles, a \u00e9t\u00e9 soutenu par des subventions communales et d\u00e9partementales.<\/p>\n\n\n\n<p><\/p>\n\n\n\n<figure class=\"wp-block-gallery has-nested-images columns-default is-cropped wp-block-gallery-1 is-layout-flex wp-block-gallery-is-layout-flex\">\n<figure class=\"wp-block-image size-large\"><img loading=\"lazy\" decoding=\"async\" width=\"1024\" height=\"768\" data-id=\"928\" src=\"https:\/\/associationmirabel.fr\/wp-content\/uploads\/2017\/10\/DSC02646-1024x768.jpg\" alt=\"\" class=\"wp-image-928\" srcset=\"https:\/\/associationmirabel.fr\/wp-content\/uploads\/2017\/10\/DSC02646-1024x768.jpg 1024w, https:\/\/associationmirabel.fr\/wp-content\/uploads\/2017\/10\/DSC02646-300x225.jpg 300w, https:\/\/associationmirabel.fr\/wp-content\/uploads\/2017\/10\/DSC02646-768x576.jpg 768w, https:\/\/associationmirabel.fr\/wp-content\/uploads\/2017\/10\/DSC02646.jpg 1280w\" sizes=\"auto, (max-width: 1024px) 100vw, 1024px\" \/><\/figure>\n\n\n\n<figure class=\"wp-block-image size-large\"><img loading=\"lazy\" decoding=\"async\" width=\"800\" height=\"497\" data-id=\"472\" src=\"https:\/\/associationmirabel.fr\/wp-content\/uploads\/2015\/08\/Mirabel-travaux-2.jpg\" alt=\"\" class=\"wp-image-472\" srcset=\"https:\/\/associationmirabel.fr\/wp-content\/uploads\/2015\/08\/Mirabel-travaux-2.jpg 800w, https:\/\/associationmirabel.fr\/wp-content\/uploads\/2015\/08\/Mirabel-travaux-2-300x186.jpg 300w, https:\/\/associationmirabel.fr\/wp-content\/uploads\/2015\/08\/Mirabel-travaux-2-768x477.jpg 768w\" sizes=\"auto, (max-width: 800px) 100vw, 800px\" \/><\/figure>\n\n\n\n<figure class=\"wp-block-image size-large\"><img loading=\"lazy\" decoding=\"async\" width=\"277\" height=\"258\" data-id=\"536\" src=\"https:\/\/associationmirabel.fr\/wp-content\/uploads\/2015\/08\/ecole-vieux-village.jpg\" alt=\"\" class=\"wp-image-536\"\/><\/figure>\n\n\n\n<figure class=\"wp-block-image size-large\"><img loading=\"lazy\" decoding=\"async\" width=\"1024\" height=\"673\" data-id=\"470\" src=\"https:\/\/associationmirabel.fr\/wp-content\/uploads\/2015\/08\/Mirabel-travaux-compr.1.jpg\" alt=\"\" class=\"wp-image-470\" srcset=\"https:\/\/associationmirabel.fr\/wp-content\/uploads\/2015\/08\/Mirabel-travaux-compr.1.jpg 1024w, https:\/\/associationmirabel.fr\/wp-content\/uploads\/2015\/08\/Mirabel-travaux-compr.1-300x197.jpg 300w, https:\/\/associationmirabel.fr\/wp-content\/uploads\/2015\/08\/Mirabel-travaux-compr.1-768x505.jpg 768w\" sizes=\"auto, (max-width: 1024px) 100vw, 1024px\" \/><\/figure>\n<\/figure>\n\n\n\n<p><\/p>\n","protected":false},"excerpt":{"rendered":"<p>L&rsquo;association anime le vieux village de Mirabel, entretient le verger de la Foutoune, et embellit le patrimoine. Cr\u00e9\u00e9e en 1976 pour la sauvegarde du vieux village, l\u2019association Mirabel s\u2019est engag\u00e9e \u00e0 partir de 1978 dans la restauration du temple d\u00e9saffect\u00e9, dernier b\u00e2timent communal, construit en 1858. Au fil des ann\u00e9es, cette r\u00e9novation a n\u00e9cessit\u00e9 des [&hellip;]<\/p>\n","protected":false},"author":1,"featured_media":0,"parent":0,"menu_order":-1,"comment_status":"closed","ping_status":"closed","template":"wp-custom-template-page-de-patrimoine","meta":{"footnotes":""},"class_list":["post-1781","page","type-page","status-publish","hentry"],"_links":{"self":[{"href":"https:\/\/associationmirabel.fr\/index.php?rest_route=\/wp\/v2\/pages\/1781","targetHints":{"allow":["GET"]}}],"collection":[{"href":"https:\/\/associationmirabel.fr\/index.php?rest_route=\/wp\/v2\/pages"}],"about":[{"href":"https:\/\/associationmirabel.fr\/index.php?rest_route=\/wp\/v2\/types\/page"}],"author":[{"embeddable":true,"href":"https:\/\/associationmirabel.fr\/index.php?rest_route=\/wp\/v2\/users\/1"}],"replies":[{"embeddable":true,"href":"https:\/\/associationmirabel.fr\/index.php?rest_route=%2Fwp%2Fv2%2Fcomments&post=1781"}],"version-history":[{"count":11,"href":"https:\/\/associationmirabel.fr\/index.php?rest_route=\/wp\/v2\/pages\/1781\/revisions"}],"predecessor-version":[{"id":2091,"href":"https:\/\/associationmirabel.fr\/index.php?rest_route=\/wp\/v2\/pages\/1781\/revisions\/2091"}],"wp:attachment":[{"href":"https:\/\/associationmirabel.fr\/index.php?rest_route=%2Fwp%2Fv2%2Fmedia&parent=1781"}],"curies":[{"name":"wp","href":"https:\/\/api.w.org\/{rel}","templated":true}]}}