{"id":195,"date":"2015-05-11T08:11:33","date_gmt":"2015-05-11T07:11:33","guid":{"rendered":"http:\/\/mirabel-valdedrome.fr\/?page_id=195"},"modified":"2025-03-24T19:13:47","modified_gmt":"2025-03-24T18:13:47","slug":"historique","status":"publish","type":"page","link":"https:\/\/associationmirabel.fr\/?page_id=195","title":{"rendered":"HISTORIQUE"},"content":{"rendered":"\n<p>\u00c9l\u00e9ment fondateur sur le plan historique, le village de Mirabel domine la commune de Mirabel et Blacons, il en est la partie ancienne qui lui a donn\u00e9 la moiti\u00e9 de son nom. <\/p>\n\n\n\n<p><strong>Au Moyen-\u00c2ge<\/strong><\/p>\n\n\n\n<p>Ce village perch\u00e9 est domin\u00e9 par un ch\u00e2teau aujourd\u2019hui disparu.&nbsp;On trouve d\u00e8s 1165 l\u2019appellation de \u00ab&nbsp;Castrum de Mirabel&nbsp;\u00bb, propri\u00e9t\u00e9 de l\u2019\u00c9v\u00eaque de Die.&nbsp;De peu d\u2019int\u00e9r\u00eat strat\u00e9gique, apr\u00e8s le rattachement au Dauphin\u00e9 , cette r\u00e9sidence seigneuriale fortifi\u00e9e est laiss\u00e9e \u00e0 l\u2019abandon d\u00e8s la fin du XV\u00b0 si\u00e8cle.<\/p>\n\n\n\n<p><strong>Mirabel, une famille<\/strong><\/p>\n\n\n\n<p>Au XVI\u00b0 si\u00e8cle, la famille des Mirabel devient propri\u00e9taire d\u2019une partie du fief.&nbsp;Claude de Mirabel, en 1560, ralli\u00e9 \u00e0 la R\u00e9forme, devient le porte-parole de la communaut\u00e9 protestante de Valence et occupera m\u00eame le poste de gouverneur de cette ville.&nbsp;Il meurt en 1575 \u00e0 Livron, tu\u00e9 par la chute d\u2019une pierre, en inspectant l\u2019\u00e9tat des remparts.&nbsp;Son arri\u00e8re-petit-fils, Hector d\u2019Armand de Forest, Sieur de Blacons (petit fief du sud de la Dr\u00f4me), h\u00e9rite des terres des Mirabel.<\/p>\n\n\n\n<p><strong>Mirabel-et-Blacons au XIX\u00e8me si\u00e8cle<\/strong><\/p>\n\n\n\n<p>En 1805, la commune est cr\u00e9\u00e9e sous le nom de \u00ab&nbsp;Mirabel et Blacons&nbsp;\u00bb.&nbsp;L\u2019implantation d\u2019usines dans la vall\u00e9e, le manque d\u2019eau et l\u2019acc\u00e8s difficile vont provoquer l\u2019abandon progressif du vieux village au profit de Blacons.&nbsp;En 1846, Mirabel comptait 71 habitants pour 26 feux.&nbsp;Les gens s\u2019exprimaient de fa\u00e7on usuelle en langue d\u2019oc, laquelle sera transmise naturellement jusqu\u2019en 1914.<\/p>\n\n\n\n<p><strong>Du XX\u00e8me si\u00e8cle \u00e0 aujourd&rsquo;hui<\/strong><\/p>\n\n\n\n<p>En 1911&nbsp;: 22 habitants pour 8 foyers.&nbsp;La derni\u00e8re maison habit\u00e9e fut celle de la veuve Poulet, qui y resta avec ses ch\u00e8vres jusqu\u2019\u00e0 sa mort, puis la l\u00e9gua \u00e0 son ouvrier agricole, Dominique Perez, (anarchiste espagnol, ayant fui le franquisme), il y v\u00e9cut jusqu\u2019en 1976.<\/p>\n\n\n\n<p>Dans les ann\u00e9es 1960, des maisons ont \u00e9t\u00e9 restaur\u00e9es pour servir de r\u00e9sidences secondaires, mais depuis 2009, de nouvelles familles y r\u00e9novent leur habitation principale, redonnant vie \u00e0 Mirabel.<\/p>\n\n\n\n<p><\/p>\n\n\n\n<p><strong>Mirabel ancien village \/ vieux village<\/strong><\/p>\n\n\n\n<p>Cette r\u00e9alit\u00e9 historique oriente sur &nbsp;les attaches au&nbsp;pass\u00e9, ouvre \u00e0 un regard patrimonial et peut aussi pr\u00e9tendre \u00e0 un int\u00e9r\u00eat touristique du lieu. &nbsp; Il ne prend pas imm\u00e9diatement en compte le d\u00e9sir de l&rsquo;Association Mirabel de redonner vie \u00e0 ce lieu, mais ne l&rsquo;exclut pas.<\/p>\n\n\n\n<p><strong>Mirabel village perch\u00e9<\/strong><\/p>\n\n\n\n<p>Cette r\u00e9alit\u00e9 du paysage est adopt\u00e9e par les instances touristiques du d\u00e9partement, qui cite en exemples Autichamp, Chabrillan et Gigors-et-Lozeron. La renaissance tardive de ces vieux villages en serait m\u00eame une des caract\u00e9ristiques. Curieusement, le beau livret \u00ab\u00a0Villages perch\u00e9s en&nbsp;Dr\u00f4me\u00a0\u00bb m\u00e9conna\u00eet l&rsquo;existence de Mirabel, &nbsp;alors que Suze, Cobonne, Beaufort, Montclar, sont heureusement repr\u00e9sent\u00e9s.<\/p>\n\n\n\n<p><strong>Quel Mirabel pour l&rsquo;avenir ?<\/strong><\/p>\n\n\n\n<p>L&rsquo;installation de plusieurs r\u00e9sidents, permanents ou temporaires, contribue grandement \u00e0 redonner vie au village. L&rsquo;Association Mirabel s&rsquo;est souvent efforc\u00e9e d&rsquo;accueillir dans l&rsquo;ancien temple des artistes (musique, th\u00e9\u00e2tre, beaux-arts) ou des expositions patrimoniales. La tentation est grande de toucher le plus grand nombre en pr\u00e9sentant des \u00e9v\u00e9nements dans le village de Blacons, pour de meilleures facilit\u00e9s d&rsquo;accueil, d&rsquo;acc\u00e8s, de parking. Mais le festival du documentaire AD HOC a montr\u00e9 en septembre 2015 que Mirabel pouvait conna\u00eetre un renouveau sans pr\u00e9c\u00e9dent. Entre int\u00e9r\u00eat pour le patrimoine et renaissance d&rsquo;un lieu magnifique, l&rsquo;Association Mirabel contribue \u00e0 l&rsquo;avenir du village.<\/p>\n\n\n\n<figure class=\"wp-block-gallery has-nested-images columns-default is-cropped wp-block-gallery-1 is-layout-flex wp-block-gallery-is-layout-flex\">\n<figure class=\"wp-block-image size-large\"><img loading=\"lazy\" decoding=\"async\" width=\"1024\" height=\"768\" data-id=\"1050\" src=\"https:\/\/associationmirabel.fr\/wp-content\/uploads\/2021\/02\/UNADJUSTEDNONRAW_thumb_72f5.jpg\" alt=\"\" class=\"wp-image-1050\" srcset=\"https:\/\/associationmirabel.fr\/wp-content\/uploads\/2021\/02\/UNADJUSTEDNONRAW_thumb_72f5.jpg 1024w, https:\/\/associationmirabel.fr\/wp-content\/uploads\/2021\/02\/UNADJUSTEDNONRAW_thumb_72f5-300x225.jpg 300w, https:\/\/associationmirabel.fr\/wp-content\/uploads\/2021\/02\/UNADJUSTEDNONRAW_thumb_72f5-768x576.jpg 768w\" sizes=\"auto, (max-width: 1024px) 100vw, 1024px\" \/><\/figure>\n\n\n\n<figure class=\"wp-block-image size-large\"><img loading=\"lazy\" decoding=\"async\" width=\"1024\" height=\"225\" data-id=\"908\" src=\"https:\/\/associationmirabel.fr\/wp-content\/uploads\/2017\/10\/DSC04739-1024x225.jpg\" alt=\"\" class=\"wp-image-908\" srcset=\"https:\/\/associationmirabel.fr\/wp-content\/uploads\/2017\/10\/DSC04739-1024x225.jpg 1024w, https:\/\/associationmirabel.fr\/wp-content\/uploads\/2017\/10\/DSC04739-300x66.jpg 300w, https:\/\/associationmirabel.fr\/wp-content\/uploads\/2017\/10\/DSC04739-768x169.jpg 768w, https:\/\/associationmirabel.fr\/wp-content\/uploads\/2017\/10\/DSC04739-1536x338.jpg 1536w, https:\/\/associationmirabel.fr\/wp-content\/uploads\/2017\/10\/DSC04739-2048x450.jpg 2048w\" sizes=\"auto, (max-width: 1024px) 100vw, 1024px\" \/><\/figure>\n\n\n\n<figure class=\"wp-block-image size-large\"><img loading=\"lazy\" decoding=\"async\" width=\"1024\" height=\"768\" data-id=\"906\" src=\"https:\/\/associationmirabel.fr\/wp-content\/uploads\/2017\/10\/DJI_0023-1024x768.jpg\" alt=\"\" class=\"wp-image-906\" srcset=\"https:\/\/associationmirabel.fr\/wp-content\/uploads\/2017\/10\/DJI_0023-1024x768.jpg 1024w, https:\/\/associationmirabel.fr\/wp-content\/uploads\/2017\/10\/DJI_0023-300x225.jpg 300w, https:\/\/associationmirabel.fr\/wp-content\/uploads\/2017\/10\/DJI_0023-768x576.jpg 768w, https:\/\/associationmirabel.fr\/wp-content\/uploads\/2017\/10\/DJI_0023-1536x1152.jpg 1536w, https:\/\/associationmirabel.fr\/wp-content\/uploads\/2017\/10\/DJI_0023-2048x1536.jpg 2048w\" sizes=\"auto, (max-width: 1024px) 100vw, 1024px\" \/><\/figure>\n\n\n\n<figure class=\"wp-block-image size-large\"><img loading=\"lazy\" decoding=\"async\" width=\"1024\" height=\"576\" data-id=\"926\" src=\"https:\/\/associationmirabel.fr\/wp-content\/uploads\/2017\/10\/DJI_0055-1024x576.jpg\" alt=\"\" class=\"wp-image-926\" srcset=\"https:\/\/associationmirabel.fr\/wp-content\/uploads\/2017\/10\/DJI_0055-1024x576.jpg 1024w, https:\/\/associationmirabel.fr\/wp-content\/uploads\/2017\/10\/DJI_0055-300x169.jpg 300w, https:\/\/associationmirabel.fr\/wp-content\/uploads\/2017\/10\/DJI_0055-768x432.jpg 768w, https:\/\/associationmirabel.fr\/wp-content\/uploads\/2017\/10\/DJI_0055-1536x864.jpg 1536w, https:\/\/associationmirabel.fr\/wp-content\/uploads\/2017\/10\/DJI_0055-2048x1152.jpg 2048w\" sizes=\"auto, (max-width: 1024px) 100vw, 1024px\" \/><\/figure>\n\n\n\n<figure class=\"wp-block-image size-large\"><img loading=\"lazy\" decoding=\"async\" width=\"1024\" height=\"768\" data-id=\"921\" src=\"https:\/\/associationmirabel.fr\/wp-content\/uploads\/2017\/10\/Yves2-1024x768.jpg\" alt=\"\" class=\"wp-image-921\" srcset=\"https:\/\/associationmirabel.fr\/wp-content\/uploads\/2017\/10\/Yves2-1024x768.jpg 1024w, https:\/\/associationmirabel.fr\/wp-content\/uploads\/2017\/10\/Yves2-300x225.jpg 300w, https:\/\/associationmirabel.fr\/wp-content\/uploads\/2017\/10\/Yves2-768x576.jpg 768w, https:\/\/associationmirabel.fr\/wp-content\/uploads\/2017\/10\/Yves2-1536x1152.jpg 1536w, https:\/\/associationmirabel.fr\/wp-content\/uploads\/2017\/10\/Yves2-2048x1536.jpg 2048w\" sizes=\"auto, (max-width: 1024px) 100vw, 1024px\" \/><\/figure>\n<\/figure>\n","protected":false},"excerpt":{"rendered":"<p>\u00c9l\u00e9ment fondateur sur le plan historique, le village de Mirabel domine la commune de Mirabel et Blacons, il en est la partie ancienne qui lui a donn\u00e9 la moiti\u00e9 de son nom. Au Moyen-\u00c2ge Ce village perch\u00e9 est domin\u00e9 par un ch\u00e2teau aujourd\u2019hui disparu.&nbsp;On trouve d\u00e8s 1165 l\u2019appellation de \u00ab&nbsp;Castrum de Mirabel&nbsp;\u00bb, propri\u00e9t\u00e9 de l\u2019\u00c9v\u00eaque [&hellip;]<\/p>\n","protected":false},"author":1,"featured_media":0,"parent":0,"menu_order":-1,"comment_status":"closed","ping_status":"closed","template":"wp-custom-template-page-d-histoire","meta":{"footnotes":""},"class_list":["post-195","page","type-page","status-publish","hentry"],"_links":{"self":[{"href":"https:\/\/associationmirabel.fr\/index.php?rest_route=\/wp\/v2\/pages\/195","targetHints":{"allow":["GET"]}}],"collection":[{"href":"https:\/\/associationmirabel.fr\/index.php?rest_route=\/wp\/v2\/pages"}],"about":[{"href":"https:\/\/associationmirabel.fr\/index.php?rest_route=\/wp\/v2\/types\/page"}],"author":[{"embeddable":true,"href":"https:\/\/associationmirabel.fr\/index.php?rest_route=\/wp\/v2\/users\/1"}],"replies":[{"embeddable":true,"href":"https:\/\/associationmirabel.fr\/index.php?rest_route=%2Fwp%2Fv2%2Fcomments&post=195"}],"version-history":[{"count":8,"href":"https:\/\/associationmirabel.fr\/index.php?rest_route=\/wp\/v2\/pages\/195\/revisions"}],"predecessor-version":[{"id":2054,"href":"https:\/\/associationmirabel.fr\/index.php?rest_route=\/wp\/v2\/pages\/195\/revisions\/2054"}],"wp:attachment":[{"href":"https:\/\/associationmirabel.fr\/index.php?rest_route=%2Fwp%2Fv2%2Fmedia&parent=195"}],"curies":[{"name":"wp","href":"https:\/\/api.w.org\/{rel}","templated":true}]}}