{"id":208,"date":"2015-05-16T06:21:10","date_gmt":"2015-05-16T05:21:10","guid":{"rendered":"http:\/\/mirabel-valdedrome.fr\/?page_id=208"},"modified":"2025-03-24T19:32:01","modified_gmt":"2025-03-24T18:32:01","slug":"la-guerre-de-14-18","status":"publish","type":"page","link":"https:\/\/associationmirabel.fr\/?page_id=208","title":{"rendered":"La guerre de 14-18"},"content":{"rendered":"<h3 style=\"text-align: justify;\"><strong>Le village en ses habits de printemps<\/strong><\/h3>\n<p style=\"text-align: justify;\">Le printemps de 1914 commen\u00e7ait \u00e0 Mirabel et Blacons sous les meilleurs auspices. L&rsquo;hiver qui venait de se terminer avait vu le succ\u00e8s du film <em>Les Mis\u00e9rables<\/em>\u00a0\u00e0 l&rsquo;Eden de Crest et la salle annon\u00e7ait le nouveau film <em>Quo Vadis<\/em>. Aux Berthalais, la f\u00eate des Laboureurs le 1 et 2 mars avait eu le succ\u00e8s habituel \u00e0 l&rsquo;H\u00f4tel Mounier. M\u00eame si certains se plaignaient de l&rsquo;\u00e9tat poussi\u00e9reux des routes et r\u00e9clamaient \u00ab\u00a0un goudronnage et un p\u00e9trolage n\u00e9cessaires \u00ab\u00a0(Crestois du 14 f\u00e9vrier) en accusant les premi\u00e8res automobiles \u00ab\u00a0v\u00e9ritable fl\u00e9au des routes\u00a0\u00bb. A Blacons la construction de la Mairie-Ecole est en bonne voie d&rsquo;ach\u00e8vement comme l&rsquo;\u00e9cole des Berthalais.<br \/>\nLa mort de Fr\u00e9d\u00e9ric Mistral le 25 mars, m\u00eame s&rsquo;il s&rsquo;agit d&rsquo;un Prix Nobel de Litt\u00e9rature, n&rsquo;\u00e9meut pas grand monde dans la vall\u00e9e de la Gervanne. Beaucoup moins en tout cas que les \u00e9lections l\u00e9gislatives du mois de mai o\u00f9 s&rsquo;affrontent au deuxi\u00e8me tour deux tendances : Archimbaud &#8211; selon le Crestois &#8211; le protestant favorable au maintien de la loi des trois ans (service militaire) et oppos\u00e9 \u00e0 la loi instituant l&rsquo;imp\u00f4t sur le revenu, face \u00e0 Long, \u00a0\u00bb le franc-ma\u00e7on\u00a0\u00bb, oppos\u00e9 \u00e0 la loi des trois ans mais pour l&rsquo;\u00e9tablissement de l&rsquo;imp\u00f4t sur le revenu. La fi\u00e8vre \u00e9lectorale retombe vite et la s\u00e9ance r\u00e9cr\u00e9ative dans la toute r\u00e9cente salle paroissiale de Blacons, KERMOR, un drame en quatre actes, est un immense succ\u00e8s le dimanche 7 juin apr\u00e8s-midi. Mieux encore, les quatre \u00e9l\u00e8ves de l&rsquo;\u00e9cole des Berthalais &#8211; install\u00e9e au bas de l&rsquo;usine &#8211; pr\u00e9sent\u00e9s au Certificat d&rsquo;Etudes \u00e0 Beaufort par Mlle Mignot, institutrice, sont tous admis le 20 juin pour la plus grande satisfaction de la ma\u00eetresse et de toute la population.<\/p>\n<h3 style=\"text-align: justify;\"><strong>Un village en mutation\u00a0<\/strong><\/h3>\n<p style=\"text-align: justify;\">Economiquement, la commune de Blacons, vit une mutation exceptionnelle : l&rsquo;arriv\u00e9e du machinisme avec les premi\u00e8res faucheuses m\u00e9caniques, ainsi que les premi\u00e8res lieuses et les nouvelles batteuses \u00e0 moteur. Les usines s&rsquo;agrandissent \u00e0 Blacons et aux Berthalais aux d\u00e9pens du vieux village de Mirabel qui se d\u00e9peuple de plus en plus : plus de mairie, plus d&rsquo;\u00e9cole, plus d&rsquo;\u00e9glise sur la colline. Ne reste plus que le Temple construit en 1857. Le village de Blacons compte deux automobiles, une sigma-torp\u00e9do et une De Dion-Bouton. L&rsquo;am\u00e9lioration des chemins et des routes continue : le chemin de Beaufort est devenu route d\u00e9partementale avec un pont sur la Romane. La commune est enfin rattach\u00e9e au r\u00e9seau t\u00e9l\u00e9phonique et \u00e0 Pi\u00e9gros, la construction d&rsquo;une petite gare remplace la modeste station du PLM. L&rsquo;\u00e9clairage \u00e9lectrique fait m\u00eame son apparition autour des Papeteries Latune et cet \u00e9clairage public, qui brille parfois pendant la journ\u00e9e, permet au journal de Crest d&rsquo;ironiser sur \u00a0\u00bb Mirabel et Blacons, pays de lumi\u00e8re\u00a0\u00bb ajoutant m\u00eame cette question goguenarde : \u00ab\u00a0Combien de temps vont durer les ampoules ? \u00a0\u00bb<br \/>\nLa construction de la salle paroissiale achev\u00e9e fin 1913 incarne bien le paradoxe administratif d&rsquo;un quartier entier &#8211; Bellevue &#8211; rattach\u00e9 \u00e9conomiquement, scolairement, socialement, religieusement \u00e0 Blacons qui se trouve en fait sur la commune d&rsquo;Aouste puisque la Gervanne est la limite des deux communes. Aussi une nouvelle p\u00e9tition demandant le rattachement \u00e0 Blacons du quartier Bellevue est sign\u00e9e &#8211; la premi\u00e8re datait de 1906. La population de Mirabel et Blacons reste stable : 597 habitants. L&rsquo;\u00e9quipe municipale vote r\u00e9guli\u00e8rement des aides aux familles en difficult\u00e9, pour les femmes en couches en particulier. Ainsi on peut constater que la commune de Mirabel et Blacons est bien entr\u00e9e dans le XX\u00b0 si\u00e8cle et que l&rsquo;avenir s&rsquo;annonce prometteur.<\/p>\n<h3 style=\"text-align: justify;\"><strong>La Gervanne en crue<\/strong><\/h3>\n<p style=\"text-align: justify;\">La quatri\u00e8me semaine de juillet 1914, une premi\u00e8re catastrophe bouleverse la vall\u00e9e de la Gervanne et ses habitants.<br \/>\nLe d\u00e9sastre de la Gervanne se produit apr\u00e8s le 20 juillet. La pluie a commenc\u00e9 \u00e0 Beaufort le mercredi 22 jullet \u00e0 5 heures du matin. De grandes quantit\u00e9s d&rsquo;eau sont tomb\u00e9es pendant plus de 48 heures sans discontinuer. Deux jours plus tard les d\u00e9g\u00e2ts sont consid\u00e9rables. La Gervanne avec une crue jamais vue depuis 1842 balaie tout sur son passage. Relisons le Crestois du 25 juillet \u00a0\u00bb A 7 heures du matin, elle emporte la passerelle de Romezon. On voit passer, \u00e0 partir de 8 heures \u00e0 Blacons, des gerbes de bl\u00e9, des arbres, des planches et m\u00eame un berceau &#8211; vide heureusement. A 9 heures, un craquement du pont sur la nationale marque le d\u00e9but d&rsquo;un trou du c\u00f4t\u00e9 d&rsquo;Aouste&#8230;L&rsquo;\u00e9boulement continue&#8230; puis toute la largeur du pont s&rsquo;enfonce entre les deux trottoirs&#8230; Du c\u00f4t\u00e9 de Blacons, un autre trou se creuse juste au moment o\u00f9 les ouvriers de l&rsquo;Usine Latune s&rsquo;approchaient pour barrer l&rsquo;entr\u00e9e du pont, arches et cul\u00e9es ruin\u00e9es&#8230;\u00a0\u00bb La route nationale est donc coup\u00e9e \u00e0 Blacons mais aussi toutes les rives de la Gervanne sont d\u00e9vast\u00e9es de Beaufort \u00e0 la Dr\u00f4me : arbres et r\u00e9coltes emport\u00e9s, la majorit\u00e9 d&rsquo;un champ de Romezon est partie avec la crue ; aux Berthalais et \u00e0 Beaufort, des maisons en bordure de rivi\u00e8re sont d\u00e9molies, une scierie est en ruine \u00e0 Beaufort ainsi que la prise d&rsquo;eau du Moulin du Roi. L&rsquo;\u00e9cole des Berthalais en bas de l&rsquo;usine au rez-de-chauss\u00e9e a \u00e9t\u00e9 \u00e9vacu\u00e9e : un m\u00e8tre cinquante d&rsquo;eau. On ne compte plus les passerelles d\u00e9truites \u00e0 Charsac, Montclar, Beaufort&#8230; A Pi\u00e9gros-la-Clastre, le pont a disparu ainsi qu&rsquo;une remise et des animaux qui se trouvaient dans des \u00e9tables pr\u00e8s de la rivi\u00e8re sont noy\u00e9s. La Gervanne qui pr\u00e9sente des remous de 5 \u00e0 6 m\u00e8tres cr\u00e9e un mur d&rsquo;eau de plusieurs m\u00e8tres de haut au confluent avec la Dr\u00f4me.<br \/>\nLa d\u00e9claration de guerre de l&rsquo;Autriche-en accord avec l&rsquo;Allemagne- contre la Serbie du 28 juillet apr\u00e8s l&rsquo;attentat de Sarajevo passe inaper\u00e7ue dans la vall\u00e9e de la Gervanne o\u00f9 les communes font le bilan des d\u00e9g\u00e2ts. Le pr\u00e9fet de la Dr\u00f4me interdit m\u00eame la circulation au pont de Blacons et annonce la cr\u00e9ation d&rsquo;une passerelle provisoire.<\/p>\n<h3 style=\"text-align: justify;\"><strong>Mobilisation g\u00e9n\u00e9rale et \u00e9conomie de guerre<\/strong><\/h3>\n<p style=\"text-align: justify;\">Les habitants de Mirabel et Blacons n&rsquo;ont pas le temps de s&rsquo;apitoyer sur leur sort : le 1er ao\u00fbt, ils apprennent par voie d&rsquo;affiches la mobilisation g\u00e9n\u00e9rale souvent accompagn\u00e9e par le tocsin. Le d\u00e9veloppement amorc\u00e9 est stopp\u00e9 net : la commune comme toutes les autres en France va vivre dans la guerre.<br \/>\nL&rsquo;\u00e9conomie de guerre est int\u00e9gralement tourn\u00e9e vers les besoins des arm\u00e9es et bouleverse donc une \u00e9conomie essentiellement rurale o\u00f9 la main d&rsquo;oeuvre est tr\u00e8s importante. La mobilisation g\u00e9n\u00e9rale a vid\u00e9 une partie de la commune des actifs n\u00e9cessaires \u00e0 la bonne marche de la vie quotidienne. D\u00e8s le 4 ao\u00fbt 1914, Mme Terrail, boulang\u00e8re et fournisseuse de la Coop\u00e9rative des Papeteries \u00e9crit \u00e0 Mr le Maire \u00ab\u00a0pour demander de lui fournir un mitron pour remplacer son mari mobilis\u00e9 \u00ab\u00a0(Arch. Municipales). La mobilisation a m\u00eame rappel\u00e9 deux v\u00e9t\u00e9rans de la Guerre de 1870-1871 en octobre 1914. D&rsquo;autre part, les premi\u00e8res <a href=\"http:\/\/mirabel-valdedrome.fr\/?p=223\"><strong>r\u00e9quisitions\u00a0<\/strong><\/a>ont lieu d\u00e8s le 4 ao\u00fbt, ainsi \u00a0\u00bb huit chevaux indispensables pour l&rsquo;artillerie devront \u00eatre fournis par les habitants de Mirabel et Blacons.\u00a0\u00bb<br \/>\nUne circulaire du pr\u00e9fet de la Dr\u00f4me arrive en mairie pr\u00e9cisant que \u00a0\u00bb Monsieur le Maire doit inciter la population \u00e0 continuer les travaux agricoles.\u00a0\u00bb Pour la batteuse, il manque les deux m\u00e9caniciens, tous deux mobilis\u00e9s : requ\u00eate est pr\u00e9sent\u00e9e par la mairie pour leur d\u00e9mobilisation, \u00ab\u00a0sinon on fera notre possible avec le personnel restant et les femmes\u00a0\u00bb(Arch.Muni.) Parall\u00e8lement, Monsieur le Pr\u00e9fet souhaite un recensement \u00a0\u00bb de la population capable de travailler la terre. Il oblige les agriculteurs \u00e0 conserver des semences pour l&rsquo;ann\u00e9e suivante\u00a0\u00bb. Il ne peuvent donc pas vendre tout ce qu&rsquo;ils veulent. Un autre interdiction concerne les animaux de boucherie : \u00a0\u00bb d\u00e9fense de vendre les animaux femelles : ovins, caprins, vaches et toutes les b\u00eates en gestation\u00a0\u00bb.<br \/>\nLe 15 ao\u00fbt 1914, une lettre de la Pr\u00e9fecture fait obligation \u00a0\u00bb \u00e0 la commune de Mirabel et Blacons de livrer 6 boeufs au poids public de Crest (Champ de Mars) avec un prix maximun fix\u00e9 par le pr\u00e9fet\u00a0\u00bb. Trois jours plus tard, des responsables sont d\u00e9sign\u00e9s pour organiser les travaux agricoles : trois personnes \u00e0 Blacons. De m\u00eame quatre autres personnes doivent surveiller l&rsquo;alimentation de la population \u00a0\u00bb avec distribution de bons de pain et de pommes de terre aux familles indigentes\u00a0\u00bb. Le manque de personnel dans les minoteries et dans les battages se fait cruellement sentir : \u00ab\u00a0des sursis sont accord\u00e9s par l&rsquo;autorit\u00e9 militaire pour diff\u00e9rer la mobilisation des hommes de r\u00e9serve.\u00a0\u00bb Cette p\u00e9nurie de main-d&rsquo;oeuvre pour des travaux indispensables pousse les maires de Blacons, Pi\u00e9gros et Aouste \u00e0 r\u00e9clamer, par lettre du 29 septembre, \u00e0 l&rsquo;autorit\u00e9 militaire \u00a0\u00bb le retour du boucher Mr Dourille, mobilis\u00e9 \u00e0 Mont\u00e9limar, qui tenait l&rsquo;unique boucherie du pays au quartier Bellevue\u00a0\u00bb. Refus cat\u00e9gorique de l&rsquo;autorit\u00e9 militaire. Dans un autre domaine, l&rsquo;autorit\u00e9 militaire va jusqu&rsquo;\u00e0 r\u00e9quisitionner \u00a0\u00bb les harnachements, bricoles, freins, mors, colliers&#8230; pour les b\u00eates de trait utilis\u00e9es dans l&rsquo;artillerie.\u00a0\u00bb Cette m\u00eame autorit\u00e9 militaire exige de nouveau le 15 octobre \u00a0\u00bb un convoi de 6 boeufs et une vache pour le ravitaillement de l&rsquo;arm\u00e9e\u00a0\u00bb.<\/p>\n<h3 style=\"text-align: justify;\"><strong>D\u00e9placements de population<\/strong><\/h3>\n<p style=\"text-align: justify;\">\u00a0Une autre cons\u00e9quence de la guerre et des combats intenses sur la Marne et \u00e0 la fronti\u00e8re belge est l&rsquo;afflux des r\u00e9fugi\u00e9s. Une population civile venant des Vosges, de la Marne, de la Somme et de Meurthe et Moselle arrivent vers le 15 ao\u00fbt, une vingtaine de personnes &#8211; femmes, enfants et vieillards. Les pouvoirs publics vont donc organiser ces d\u00e9placements de population. Le Pr\u00e9fet de la Dr\u00f4me le 18 ao\u00fbt \u00a0\u00bb demande aux maires s&rsquo;il y a encore des habitants &#8211; jeunes- qui seraient encore en Allemagne et en Autriche sans doute pour organiser leur rapatriement\u00a0\u00bb. On ne se d\u00e9place plus librement : une personne travaillant chez Mr Latune \u00a0\u00bb est autoris\u00e9e par la pr\u00e9fecture \u00e0 rentrer en Italie dans sa famille en train : un passeport lui sera fourni\u00a0\u00bb. De plus la sous-pr\u00e9fecture de Die, d\u00e9but septembre, souhaite que \u00a0\u00bb Mirabel et Blacons fournisse la liste des habitants acceptant de recevoir des r\u00e9fugi\u00e9s\u00a0\u00bb. Le maire de Blacons r\u00e9pond au sous-pr\u00e9fet que la commune peut recevoir 100 personnes : 20 hommes, 30 femmes et 50 enfants.<br \/>\nLes pouvoirs publics sont amen\u00e9s \u00e0 contr\u00f4ler cette pr\u00e9sence importante de population d\u00e9plac\u00e9e. Ainsi tout r\u00e9fugi\u00e9 doit poss\u00e9der un Certificat de R\u00e9sidence attestant l&rsquo;endroit o\u00f9 il doit habiter et il ne peut s&rsquo;\u00e9loigner de plus de 10 kms sans \u00eatre muni d&rsquo;un \u00ab\u00a0Sauf-Conduit\u00a0\u00bb avec une carte tricolore pour les Alsaciens-Lorrains &#8211; qui n&rsquo;avaient que des papiers allemands depuis 1871-. Le maire constitue des listes qu&rsquo;il envoie \u00e0 la sous-pr\u00e9fecture. De plus le pr\u00e9fet exp\u00e9die aussi des mandats pour couvrir certains frais relatifs \u00e0 la pr\u00e9sence de ces r\u00e9fugi\u00e9s. En cons\u00e9quence, les communes accordent des bons pour se fournir en v\u00eatements dans les magasins et proc\u00e8dent \u00e0 des distribution de v\u00eatements chauds. La Croix-Rouge \u00e0 Crest avait lanc\u00e9 d\u00e9but ao\u00fbt la collecte de v\u00eatements et produits de premi\u00e8re n\u00e9cessit\u00e9 (Le Crestois du 8 ao\u00fbt 1914). A Blacons, la mairie incite la population \u00e0 aider les r\u00e9fugi\u00e9s.<\/p>\n<h3 style=\"text-align: justify;\"><strong>L&rsquo;\u00e9cole et les soins aux bless\u00e9s<\/strong><\/h3>\n<p style=\"text-align: justify;\">Un autre \u00e9v\u00e9nement modifie aussi la vie de la commune. C&rsquo;est la d\u00e9marche de Mr Charles Latune \u00a0\u00bb pour ouvrir la nouvelle \u00e9cole, qui s&rsquo;ach\u00e8ve, en ambulance de 20 lits, \u00e9quip\u00e9e par ses soins et sa g\u00e9n\u00e9rosit\u00e9\u00a0\u00bb d\u00e9sign\u00e9e comme H\u00f4pital B\u00e9n\u00e9vole N\u00b0 130-bis- d\u00e9pourvu de m\u00e9decin : les soins seront assur\u00e9s par le Dr Ricateau de Crest et deux infirmi\u00e8res militaires : une convention est sign\u00e9e entre la mairie et l&rsquo;autorit\u00e9 militaire. D\u00e8s le d\u00e9but octobre, une vingtaine de bless\u00e9s sont soign\u00e9s \u00e0 Blacons. Il s&rsquo;agit \u00e9videmment de bless\u00e9s l\u00e9gers et ces victimes font des s\u00e9jours assez courts. D&rsquo;ailleurs le Crestois du 3 octobre glorifie cette pr\u00e9sence en notifiant chaque retour au front des bless\u00e9s en convalescence \u00e0 Blacons, \u00e0 Aouste-ambulance de 20 lits aussi- et \u00e0 Crest. L&rsquo;h\u00f4pital b\u00e9n\u00e9vole sera ferm\u00e9 en juin 1916.<\/p>\n<p style=\"text-align: justify;\">Au cours de ce mois d&rsquo;octobre, on commence les premiers am\u00e9nagements du pont provisoire de Blacons rempla\u00e7ant l&rsquo;ancien d\u00e9truit en juillet : des poutres sont install\u00e9es pour cr\u00e9er une passerelle pi\u00e9tonne en attendant un v\u00e9ritable pont. Ce mois d&rsquo;octobre se termine sur une journ\u00e9e officielle et solennelle : le 31 Monseigneur l&rsquo;Ev\u00eaque de Valence vient \u00e0 l&rsquo;ecole de Blacons pour rendre visite \u00e0 la vingtaine de bless\u00e9s pr\u00e9sents dans l&rsquo;Ambulance H\u00f4pital B\u00e9n\u00e9vole-130bis.<\/p>\n<p>( texte paru dans\u00a0<em>Les Echos de Mirabel et Blacons<\/em>)<\/p>\n<p><a href=\"http:\/\/mirabel-valdedrome.fr\/wp-content\/uploads\/2015\/05\/blacons-le-pont-d\u00e9truit-5.jpg\"><img loading=\"lazy\" decoding=\"async\" class=\"alignnone wp-image-217\" src=\"http:\/\/mirabel-valdedrome.fr\/wp-content\/uploads\/2015\/05\/blacons-le-pont-d\u00e9truit-5-300x190.jpg\" alt=\"blacons le pont d\u00e9truit- 5\" width=\"471\" height=\"298\" \/><\/a><br \/>\nOn voit bien les restes de l&rsquo;ancienne cul\u00e9e du pont et les piliers provisoires de la passerelle en bois. Une erreur : l&rsquo;eau de Boudra de vient celle de Moudra !<\/p>\n","protected":false},"excerpt":{"rendered":"<p>Le village en ses habits de printemps Le printemps de 1914 commen\u00e7ait \u00e0 Mirabel et Blacons sous les meilleurs auspices. L&rsquo;hiver qui venait de se terminer avait vu le succ\u00e8s du film Les Mis\u00e9rables\u00a0\u00e0 l&rsquo;Eden de Crest et la salle annon\u00e7ait le nouveau film Quo Vadis. Aux Berthalais, la f\u00eate des Laboureurs le 1 et [&hellip;]<\/p>\n","protected":false},"author":1,"featured_media":0,"parent":195,"menu_order":0,"comment_status":"closed","ping_status":"closed","template":"","meta":{"footnotes":""},"class_list":["post-208","page","type-page","status-publish","hentry"],"_links":{"self":[{"href":"https:\/\/associationmirabel.fr\/index.php?rest_route=\/wp\/v2\/pages\/208","targetHints":{"allow":["GET"]}}],"collection":[{"href":"https:\/\/associationmirabel.fr\/index.php?rest_route=\/wp\/v2\/pages"}],"about":[{"href":"https:\/\/associationmirabel.fr\/index.php?rest_route=\/wp\/v2\/types\/page"}],"author":[{"embeddable":true,"href":"https:\/\/associationmirabel.fr\/index.php?rest_route=\/wp\/v2\/users\/1"}],"replies":[{"embeddable":true,"href":"https:\/\/associationmirabel.fr\/index.php?rest_route=%2Fwp%2Fv2%2Fcomments&post=208"}],"version-history":[{"count":3,"href":"https:\/\/associationmirabel.fr\/index.php?rest_route=\/wp\/v2\/pages\/208\/revisions"}],"predecessor-version":[{"id":2113,"href":"https:\/\/associationmirabel.fr\/index.php?rest_route=\/wp\/v2\/pages\/208\/revisions\/2113"}],"up":[{"embeddable":true,"href":"https:\/\/associationmirabel.fr\/index.php?rest_route=\/wp\/v2\/pages\/195"}],"wp:attachment":[{"href":"https:\/\/associationmirabel.fr\/index.php?rest_route=%2Fwp%2Fv2%2Fmedia&parent=208"}],"curies":[{"name":"wp","href":"https:\/\/api.w.org\/{rel}","templated":true}]}}