{"id":23,"date":"2015-04-24T09:07:29","date_gmt":"2015-04-24T08:07:29","guid":{"rendered":"http:\/\/mirabel-valdedrome.fr\/?page_id=23"},"modified":"2024-12-11T19:59:54","modified_gmt":"2024-12-11T18:59:54","slug":"la-cloche","status":"publish","type":"page","link":"https:\/\/associationmirabel.fr\/?page_id=23","title":{"rendered":"La cloche"},"content":{"rendered":"\n<figure class=\"wp-block-image\"><a href=\"http:\/\/mirabel-valdedrome.fr\/wp-content\/uploads\/2015\/04\/P9066747.jpg\"><img loading=\"lazy\" decoding=\"async\" width=\"225\" height=\"300\" src=\"http:\/\/mirabel-valdedrome.fr\/wp-content\/uploads\/2015\/04\/P9066747-225x300.jpg\" alt=\"OLYMPUS DIGITAL CAMERA\" class=\"wp-image-22\" srcset=\"https:\/\/associationmirabel.fr\/wp-content\/uploads\/2015\/04\/P9066747-225x300.jpg 225w, https:\/\/associationmirabel.fr\/wp-content\/uploads\/2015\/04\/P9066747-768x1024.jpg 768w, https:\/\/associationmirabel.fr\/wp-content\/uploads\/2015\/04\/P9066747-1152x1536.jpg 1152w, https:\/\/associationmirabel.fr\/wp-content\/uploads\/2015\/04\/P9066747-1536x2048.jpg 1536w, https:\/\/associationmirabel.fr\/wp-content\/uploads\/2015\/04\/P9066747.jpg 1920w\" sizes=\"auto, (max-width: 225px) 100vw, 225px\" \/><\/a><\/figure>\n\n\n\n<p><\/p>\n\n\n\n<p>&nbsp;<\/p>\n\n\n\n<h3 class=\"wp-block-heading\"><strong>Mirabel expose son patrimoine cach\u00e9&nbsp;: &nbsp; &nbsp; &nbsp; &nbsp; &nbsp; &nbsp; &nbsp; &nbsp; &nbsp; &nbsp; &nbsp; &nbsp;&nbsp;<\/strong><strong>Une cloche de 300 ans<\/strong><\/h3>\n\n\n\n<p>&nbsp;<\/p>\n\n\n\n<p><strong>Un peu d\u2019histoire et un projet<\/strong><\/p>\n\n\n\n<p>Depuis 1712, ann\u00e9e de sa cr\u00e9ation en fonderie, la cloche a sonn\u00e9 pendant deux si\u00e8cles dans le vieux village de Mirabel, avant d\u2019\u00eatre descendue \u00e0 l\u2019\u00e9glise de Blacons, il y a un si\u00e8cle. On peut imaginer la procession, comme c\u2019est l\u2019usage, qui a convoy\u00e9 cette pi\u00e8ce historique, de la vieille \u00e9glise Saint-Marcel qui mena\u00e7ait ruine, vers l\u2019\u00e9glise St-Joseph, en contrebas de l\u2019ancienne papeterie. Quelques amis de Mirabel, il y a trois ans, avaient fait une descente au clocher, c\u2019est-\u00e0-dire une mont\u00e9e prudente par des marches vermoulues. L\u2019id\u00e9e avait ainsi germ\u00e9 de f\u00eater l\u2019anniversaire de la cloche, et de lui faire retrouver, l\u2019espace d\u2019une journ\u00e9e, le chemin du vieux village. Par un heureux hasard, les journ\u00e9es du patrimoine 2012 \u00e9taient vou\u00e9es aux tr\u00e9sors cach\u00e9s&nbsp;: bel exemple que celui d\u2019une cloche que l\u2019on peut entendre ais\u00e9ment, mais qui n\u2019offre aux regards qu\u2019une tr\u00e8s lointaine image.<\/p>\n\n\n\n<p><a href=\"http:\/\/mirabel-valdedrome.fr\/wp-content\/uploads\/2015\/04\/cloches-Blacons-sonnant-comp.3gp\">cloches Blacons sonnant comp<\/a><\/p>\n\n\n\n<p><strong>L\u2019expo<\/strong><\/p>\n\n\n\n<p>En octobre 2012, une exposition, jouxtant l\u2019\u00e9glise de Blacons, a pu montrer aux visiteurs des photos de cette cloche. De format modeste (31 cm de haut, 37 cm de diam\u00e8tre maximum, 2,4 cm d\u2019\u00e9paisseur), elle mentionne le nom de P. Tibaut, qui peut \u00eatre le fondeur. \u00ab&nbsp;St-Antoine priez pour nous&nbsp;\u00bb est grav\u00e9 dans le bronze, ainsi que la lettre grecque Tau (embl\u00e8me des Antonins).<\/p>\n\n\n\n<p>Cette exposition, accompagn\u00e9e par quelques \u00e9claircissements&nbsp;(Christian Espinas, Roger Amblard et Jacques Joubert, avec l\u2019apport de Louis-Joseph Sauvignet), pr\u00e9sente \u00e9galement tout le processus de fabrication, ainsi que quelques \u00e9l\u00e9ments acoustiques et musicaux. Les \u00e9changes avec le public ouvraient plus largement le sujet \u00e0 l\u2019<em>art campanaire<\/em> (traditions, r\u00e9f\u00e9rences artistiques li\u00e9es \u00e0 la cloche).<\/p>\n\n\n\n<p>&nbsp;<\/p>\n\n\n\n<p><strong>L\u2019\u00e9v\u00e9nement<\/strong><\/p>\n\n\n\n<p><\/p>\n\n\n\n<p>L\u2019autre id\u00e9e qui avait germ\u00e9 au sein de l\u2019Association Mirabel \u00e9tait la fabrication d\u2019une r\u00e9plique \u00e0 l\u2019\u00e9chelle de cette cloche. Roger Amblard, d\u00e9j\u00e0 grand artisan de l\u2019exposition, a con\u00e7u et fabriqu\u00e9 en papier durci et arm\u00e9 cette fausse cloche, ainsi que le ch\u00e2ssis permettant son transport. Mimi Gatefait a parfait la d\u00e9coration d\u2019une belle repr\u00e9sentation panoramique du paysage de Mirabel, en jaune et bleu. A la fin de l\u2019exposition, une procession est partie, remontant \u00e0 dos d\u2019homme la cloche dupliqu\u00e9e, de Blacons vers Mirabel, o\u00f9 tout le monde s\u2019est retrouv\u00e9, sur la terrasse de la Maison de Mirabel (ancien temple). Deux belles surprises ont alors s\u00e9duit le public&nbsp;: de l\u2019ancienne \u00e9glise, ruin\u00e9e, ont jailli les vrais sons de la cloche, enregistr\u00e9s par Philippe Sibelle dans le clocher d\u2019en-bas, et reproduits majestueusement dans tout le village perch\u00e9. Certains allaient jusqu\u2019\u00e0 dire que le cloche n\u2019avait peut-\u00eatre jamais aussi bien sonn\u00e9 dans Mirabel. La deuxi\u00e8me surprise \u00e9tait offerte par l\u2019association et la chocolaterie du village&nbsp;: \u00ab&nbsp;Le tiroir au chocolat&nbsp;\u00bb. Une magnifique cloche, en d\u00e9licieux chocolat de Sao Tom\u00e9, avait \u00e9t\u00e9 fabriqu\u00e9e par Line Renoux, aid\u00e9e de V\u00e9ronique Gencel. Avec son poids de 1,7 kg et ses dimensions proches de la cloche de Mirabel, solennellement cass\u00e9e par Christian Espinas, pr\u00e9sident de l\u2019Association, la cloche en chocolat a permis aux visiteurs et amis de Mirabel un beau moment de d\u00e9gustation, avant une derni\u00e8re vol\u00e9e campanaire pour clore une comm\u00e9moration peu ordinaire.<\/p>\n\n\n\n<p><\/p>\n\n\n\n<figure class=\"wp-block-gallery has-nested-images columns-default is-cropped wp-block-gallery-1 is-layout-flex wp-block-gallery-is-layout-flex\">\n<figure class=\"wp-block-image size-large\"><img loading=\"lazy\" decoding=\"async\" width=\"1024\" height=\"768\" data-id=\"929\" src=\"https:\/\/associationmirabel.fr\/wp-content\/uploads\/2017\/10\/P9166791-1024x768.jpg\" alt=\"\" class=\"wp-image-929\" srcset=\"https:\/\/associationmirabel.fr\/wp-content\/uploads\/2017\/10\/P9166791-1024x768.jpg 1024w, https:\/\/associationmirabel.fr\/wp-content\/uploads\/2017\/10\/P9166791-300x225.jpg 300w, https:\/\/associationmirabel.fr\/wp-content\/uploads\/2017\/10\/P9166791-768x576.jpg 768w, https:\/\/associationmirabel.fr\/wp-content\/uploads\/2017\/10\/P9166791-1536x1152.jpg 1536w, https:\/\/associationmirabel.fr\/wp-content\/uploads\/2017\/10\/P9166791-2048x1536.jpg 2048w\" sizes=\"auto, (max-width: 1024px) 100vw, 1024px\" \/><\/figure>\n\n\n\n<figure class=\"wp-block-image size-large\"><img loading=\"lazy\" decoding=\"async\" width=\"1024\" height=\"768\" data-id=\"928\" src=\"https:\/\/associationmirabel.fr\/wp-content\/uploads\/2017\/10\/DSC02646-1024x768.jpg\" alt=\"\" class=\"wp-image-928\" srcset=\"https:\/\/associationmirabel.fr\/wp-content\/uploads\/2017\/10\/DSC02646-1024x768.jpg 1024w, https:\/\/associationmirabel.fr\/wp-content\/uploads\/2017\/10\/DSC02646-300x225.jpg 300w, https:\/\/associationmirabel.fr\/wp-content\/uploads\/2017\/10\/DSC02646-768x576.jpg 768w, https:\/\/associationmirabel.fr\/wp-content\/uploads\/2017\/10\/DSC02646.jpg 1280w\" sizes=\"auto, (max-width: 1024px) 100vw, 1024px\" \/><\/figure>\n\n\n\n<figure class=\"wp-block-image size-large\"><img loading=\"lazy\" decoding=\"async\" width=\"296\" height=\"355\" data-id=\"1649\" src=\"https:\/\/associationmirabel.fr\/wp-content\/uploads\/2024\/02\/3-Roger-Amblard-copie.jpeg\" alt=\"\" class=\"wp-image-1649\" srcset=\"https:\/\/associationmirabel.fr\/wp-content\/uploads\/2024\/02\/3-Roger-Amblard-copie.jpeg 296w, https:\/\/associationmirabel.fr\/wp-content\/uploads\/2024\/02\/3-Roger-Amblard-copie-250x300.jpeg 250w\" sizes=\"auto, (max-width: 296px) 100vw, 296px\" \/><\/figure>\n\n\n\n<figure class=\"wp-block-image size-large\"><img loading=\"lazy\" decoding=\"async\" width=\"768\" height=\"1024\" data-id=\"771\" src=\"https:\/\/associationmirabel.fr\/wp-content\/uploads\/2015\/04\/P9166767-768x1024.jpg\" alt=\"\" class=\"wp-image-771\" srcset=\"https:\/\/associationmirabel.fr\/wp-content\/uploads\/2015\/04\/P9166767-768x1024.jpg 768w, https:\/\/associationmirabel.fr\/wp-content\/uploads\/2015\/04\/P9166767-225x300.jpg 225w, https:\/\/associationmirabel.fr\/wp-content\/uploads\/2015\/04\/P9166767-1152x1536.jpg 1152w, https:\/\/associationmirabel.fr\/wp-content\/uploads\/2015\/04\/P9166767-1536x2048.jpg 1536w, https:\/\/associationmirabel.fr\/wp-content\/uploads\/2015\/04\/P9166767.jpg 1920w\" sizes=\"auto, (max-width: 768px) 100vw, 768px\" \/><\/figure>\n<\/figure>\n","protected":false},"excerpt":{"rendered":"<p>&nbsp; Mirabel expose son patrimoine cach\u00e9&nbsp;: &nbsp; &nbsp; &nbsp; &nbsp; &nbsp; &nbsp; &nbsp; &nbsp; &nbsp; &nbsp; &nbsp; &nbsp;&nbsp;Une cloche de 300 ans &nbsp; Un peu d\u2019histoire et un projet Depuis 1712, ann\u00e9e de sa cr\u00e9ation en fonderie, la cloche a sonn\u00e9 pendant deux si\u00e8cles dans le vieux village de Mirabel, avant d\u2019\u00eatre descendue \u00e0 l\u2019\u00e9glise [&hellip;]<\/p>\n","protected":false},"author":1,"featured_media":0,"parent":1781,"menu_order":0,"comment_status":"closed","ping_status":"closed","template":"","meta":{"footnotes":""},"class_list":["post-23","page","type-page","status-publish","hentry"],"_links":{"self":[{"href":"https:\/\/associationmirabel.fr\/index.php?rest_route=\/wp\/v2\/pages\/23","targetHints":{"allow":["GET"]}}],"collection":[{"href":"https:\/\/associationmirabel.fr\/index.php?rest_route=\/wp\/v2\/pages"}],"about":[{"href":"https:\/\/associationmirabel.fr\/index.php?rest_route=\/wp\/v2\/types\/page"}],"author":[{"embeddable":true,"href":"https:\/\/associationmirabel.fr\/index.php?rest_route=\/wp\/v2\/users\/1"}],"replies":[{"embeddable":true,"href":"https:\/\/associationmirabel.fr\/index.php?rest_route=%2Fwp%2Fv2%2Fcomments&post=23"}],"version-history":[{"count":3,"href":"https:\/\/associationmirabel.fr\/index.php?rest_route=\/wp\/v2\/pages\/23\/revisions"}],"predecessor-version":[{"id":2062,"href":"https:\/\/associationmirabel.fr\/index.php?rest_route=\/wp\/v2\/pages\/23\/revisions\/2062"}],"up":[{"embeddable":true,"href":"https:\/\/associationmirabel.fr\/index.php?rest_route=\/wp\/v2\/pages\/1781"}],"wp:attachment":[{"href":"https:\/\/associationmirabel.fr\/index.php?rest_route=%2Fwp%2Fv2%2Fmedia&parent=23"}],"curies":[{"name":"wp","href":"https:\/\/api.w.org\/{rel}","templated":true}]}}