{"id":247,"date":"2015-07-21T16:12:19","date_gmt":"2015-07-21T15:12:19","guid":{"rendered":"http:\/\/mirabel-valdedrome.fr\/?page_id=247"},"modified":"2024-12-09T12:39:21","modified_gmt":"2024-12-09T11:39:21","slug":"rencontres-adhoc","status":"publish","type":"page","link":"https:\/\/associationmirabel.fr\/?page_id=247","title":{"rendered":"Rencontres AD HOC du cin\u00e9ma documentaire 2015"},"content":{"rendered":"<h6 style=\"text-align: left;\">\u00a0 \u00a0UN FESTIVAL DU CIN\u00c9MA DOCUMENTAIRE ORIGINAL<\/h6>\n<h6 style=\"text-align: left;\">\u00a0 \u00a0 \u00a0 \u00a0 \u00a0 \u00a0 \u00a0 \u00a0 \u00a0 \u00a0 \u00a0 \u00a0 DANS UN SITE D&rsquo;EXCEPTION<\/h6>\n<h6 style=\"text-align: justify;\"><span class=\"Apple-style-span\" style=\"font-weight: normal;\">Le vieux village accueille du 10 au 12 septembre 2015 un festival du cin\u00e9ma documentaire. \u00a0L&rsquo;association Mirabel est pleinement partenaire de cet \u00e9v\u00e8nement. Le collectif qui porte ce festival pr\u00f4ne un cin\u00e9ma documentaire personnel, singulier, \u00e9clectique. \u00a0Et aussi un cin\u00e9ma \u00ab\u00a0hors circuit\u00a0\u00bb puisque les films projet\u00e9s, bien que remarquables, n&rsquo;ont pas connu de diffusion t\u00e9l\u00e9vis\u00e9e ni de programmation officielle dans les salles de cin\u00e9ma. Les r\u00e9alisateurs seront pr\u00e9sents.\u00a0<\/span><span class=\"Apple-style-span\" style=\"font-weight: normal;\"><span class=\"Apple-style-span\">\u00c0 l&rsquo;issue de chaque s\u00e9ance, se tiendront des rencontres th\u00e9matiques entre public et r\u00e9alisateurs pour \u00e9changer autour des films et sur leur exp\u00e9rience de\u00a0<i>fabrication<\/i>.<\/span><\/span><\/h6>\n<p><span class=\"Apple-style-span\" style=\"color: #767676; font-size: 19px; font-style: italic; font-weight: 300;\"><a style=\"color: #41a62a; text-decoration: none; outline-width: 0px; outline-style: initial; outline-color: initial;\" href=\"http:\/\/associationmirabel.fr\/wp-content\/uploads\/2015\/07\/AFFICHE_ADHOC.jpg\"><img loading=\"lazy\" decoding=\"async\" class=\"aligncenter wp-image-366 size-large\" style=\"height: auto; max-width: 474px; vertical-align: middle; display: block; clear: both; outline-width: 1px; outline-style: solid; outline-color: #777777; resize: none; margin: 7px auto 7px auto;\" src=\"http:\/\/mirabel-valdedrome.fr\/wp-content\/uploads\/2015\/07\/AFFICHE_ADHOC-724x1024.jpg\" alt=\"AFFICHE_ADHOC\" width=\"474\" height=\"670\" srcset=\"https:\/\/associationmirabel.fr\/wp-content\/uploads\/2015\/07\/AFFICHE_ADHOC-724x1024.jpg 724w, https:\/\/associationmirabel.fr\/wp-content\/uploads\/2015\/07\/AFFICHE_ADHOC-212x300.jpg 212w, https:\/\/associationmirabel.fr\/wp-content\/uploads\/2015\/07\/AFFICHE_ADHOC-768x1086.jpg 768w, https:\/\/associationmirabel.fr\/wp-content\/uploads\/2015\/07\/AFFICHE_ADHOC-1086x1536.jpg 1086w, https:\/\/associationmirabel.fr\/wp-content\/uploads\/2015\/07\/AFFICHE_ADHOC.jpg 1181w\" sizes=\"auto, (max-width: 474px) 100vw, 474px\" \/><\/a><\/span><\/p>\n<h6 style=\"text-align: center;\">Chaque soir des projections en plein air. Regardez le programme.<\/h6>\n<p><a style=\"color: #41a62a; text-decoration: none; outline-width: 0px; outline-style: initial; outline-color: initial;\" href=\"http:\/\/mirabel-valdedrome.fr\/wp-content\/uploads\/2015\/07\/PROG_RENCONTRES_ADHOC.jpg\" target=\"_blank\" rel=\"noopener\"><img loading=\"lazy\" decoding=\"async\" class=\"aligncenter wp-image-359\" style=\"height: auto; max-width: 474px; vertical-align: middle; outline-width: 1px; outline-style: solid; outline-color: #777777; resize: none;\" src=\"http:\/\/mirabel-valdedrome.fr\/wp-content\/uploads\/2015\/07\/PROG_RENCONTRES_ADHOC-1024x363.jpg\" alt=\"29,7 x 21 cm\" width=\"474\" height=\"168\" \/><\/a> Mercredi 9 septembre, une soir\u00e9e de lancement est propos\u00e9e au cin\u00e9ma EDEN de Crest. <strong>Une belle\u00a0bande-annonce pour se mettre en app\u00e9tit :<\/strong><\/p>\n<blockquote>\n<div>\n<div><span class=\"Apple-style-span\"><b><span style=\"color: #6600cc;\"><a class=\"moz-txt-link-rfc2396E\" href=\"https:\/\/www.youtube.com\/watch?v=8gRsxrUjRVA\">&lt;https:\/\/www.youtube.com\/watch?v=8gRsxrUjRVA&gt;<\/a><\/span><\/b><\/span><\/div>\n<\/div>\n<\/blockquote>\n<h6 style=\"text-align: center;\"><strong>\u00a0 \u00a0 \u00a0 TABLES RONDES SUR LA FABRIQUE DES FILMS<\/strong><\/h6>\n<p>Afin de r\u00e9pondre \u00e0 une demande r\u00e9currente de la part des r\u00e9alisateurs et techniciens du documentaire, nous organiserons sur 3 matin\u00e9es, des \u00e9changes dynamiques et th\u00e9matiques entre r\u00e9alisateurs, producteurs, techniciens, diffuseurs. Vendredi 10H<b><strong>\u00a0\u00ab\u00a0Produire un documentaire<\/strong><\/b>\u00a0&#8211;\u00a0<b><strong><i><em>Les voies classiques et les chemins de traverse<\/em><\/i>\u00ab\u00a0<\/strong><\/b> Samedi 10H<b><strong>\u00a0\u00ab\u00a0Diffuser un documentaire &#8211;\u00a0<i><em>Vers de nouvelles pistes et ouvertures<\/em><\/i>\u00ab\u00a0<\/strong><\/b> Dimanche 10H<b><strong>\u00a0\u00ab\u00a0\u00c9crire un documentaire &#8211;\u00a0<i><em>O\u00f9 s&rsquo;arr\u00eate l&rsquo;\u00e9criture, o\u00f9 commence l&rsquo;improvisation ?<\/em><\/i>\u00ab\u00a0<\/strong><\/b><\/p>\n<h5><strong>Pour en savoir plus, consultez les sites suivants :<\/strong><\/h5>\n<p>Aller sur le <a href=\"http:\/\/www.lesrencontresadhoc.com\/index.php\">Site les rencontres adhoc<\/a><\/p>\n<p>Aller <a href=\"https:\/\/www.facebook.com\/lesrencontresadhoc\">Sur facebook<\/a><\/p>\n","protected":false},"excerpt":{"rendered":"<p>\u00a0 \u00a0UN FESTIVAL DU CIN\u00c9MA DOCUMENTAIRE ORIGINAL \u00a0 \u00a0 \u00a0 \u00a0 \u00a0 \u00a0 \u00a0 \u00a0 \u00a0 \u00a0 \u00a0 \u00a0 DANS UN SITE D&rsquo;EXCEPTION Le vieux village accueille du 10 au 12 septembre 2015 un festival du cin\u00e9ma documentaire. \u00a0L&rsquo;association Mirabel est pleinement partenaire de cet \u00e9v\u00e8nement. Le collectif qui porte ce festival pr\u00f4ne un cin\u00e9ma [&hellip;]<\/p>\n","protected":false},"author":1,"featured_media":0,"parent":1779,"menu_order":0,"comment_status":"closed","ping_status":"closed","template":"","meta":{"footnotes":""},"class_list":["post-247","page","type-page","status-publish","hentry"],"_links":{"self":[{"href":"https:\/\/associationmirabel.fr\/index.php?rest_route=\/wp\/v2\/pages\/247","targetHints":{"allow":["GET"]}}],"collection":[{"href":"https:\/\/associationmirabel.fr\/index.php?rest_route=\/wp\/v2\/pages"}],"about":[{"href":"https:\/\/associationmirabel.fr\/index.php?rest_route=\/wp\/v2\/types\/page"}],"author":[{"embeddable":true,"href":"https:\/\/associationmirabel.fr\/index.php?rest_route=\/wp\/v2\/users\/1"}],"replies":[{"embeddable":true,"href":"https:\/\/associationmirabel.fr\/index.php?rest_route=%2Fwp%2Fv2%2Fcomments&post=247"}],"version-history":[{"count":1,"href":"https:\/\/associationmirabel.fr\/index.php?rest_route=\/wp\/v2\/pages\/247\/revisions"}],"predecessor-version":[{"id":1939,"href":"https:\/\/associationmirabel.fr\/index.php?rest_route=\/wp\/v2\/pages\/247\/revisions\/1939"}],"up":[{"embeddable":true,"href":"https:\/\/associationmirabel.fr\/index.php?rest_route=\/wp\/v2\/pages\/1779"}],"wp:attachment":[{"href":"https:\/\/associationmirabel.fr\/index.php?rest_route=%2Fwp%2Fv2%2Fmedia&parent=247"}],"curies":[{"name":"wp","href":"https:\/\/api.w.org\/{rel}","templated":true}]}}