{"id":31,"date":"2015-04-24T09:41:10","date_gmt":"2015-04-24T08:41:10","guid":{"rendered":"http:\/\/mirabel-valdedrome.fr\/?page_id=31"},"modified":"2025-03-24T15:37:49","modified_gmt":"2025-03-24T14:37:49","slug":"projet-du-site","status":"publish","type":"page","link":"https:\/\/associationmirabel.fr\/?page_id=31","title":{"rendered":"Les tables d&rsquo;orientation"},"content":{"rendered":"\n<h4 class=\"wp-block-heading\"><\/h4>\n\n\n\n<p>D\u00e8s 1998, un premier projet, sur une id\u00e9e ant\u00e9rieure d&rsquo;Aldo Costantin, se met en place et s&rsquo;\u00e9labore par un support en b\u00e9ton au sommet du village, meilleur point de vue \u00e0 360\u00b0. &nbsp;Mais la construction sur un terrain priv\u00e9 emp\u00eachant toute demande de subvention, l&rsquo;association abandonne ce projet. Quelques ann\u00e9es seront n\u00e9cessaires pour rebondir sur le projet final, qui verra le jour en 2005-2006, et pr\u00e9voit&nbsp;plusieurs tables d&rsquo;orientation, en plusieurs \u00e9tapes. L&rsquo;association Mirabel avance des id\u00e9es de conception et confie l&rsquo;\u00e9tude finale et la r\u00e9alisation \u00e0 la soci\u00e9t\u00e9 Planisph\u00e8re, le support de ferronnerie \u00e0 M. Lecorre.<\/p>\n\n\n\n<p>L&rsquo;inauguration des deux premi\u00e8res tables, situ\u00e9es sur une terrasse \u00e0 c\u00f4t\u00e9 de la Maison de Mirabel, se fait en 2006. Quelques ann\u00e9es plus tard, un parcours de visite du village est \u00e9labor\u00e9, avec de nombreux panneaux explicatifs, dont on peut avoir un aper\u00e7u r\u00e9alis\u00e9s \u00e9galement par la soci\u00e9t\u00e9 Planisph\u00e8re, mais con\u00e7us enti\u00e8rement par les membres de l&rsquo;association Mirabel.<\/p>\n\n\n\n<p>Le circuit du vieux village a \u00e9t\u00e9 compl\u00e9t\u00e9 par une table d&rsquo;orientation install\u00e9e au Nord. <\/p>\n\n\n\n<figure class=\"wp-block-gallery has-nested-images columns-default is-cropped wp-block-gallery-1 is-layout-flex wp-block-gallery-is-layout-flex\">\n<figure class=\"wp-block-image size-large\"><img loading=\"lazy\" decoding=\"async\" width=\"799\" height=\"599\" data-id=\"2031\" src=\"https:\/\/associationmirabel.fr\/wp-content\/uploads\/2024\/12\/EQUIPE-TABLE-ORIENTATION.jpg\" alt=\"\" class=\"wp-image-2031\" srcset=\"https:\/\/associationmirabel.fr\/wp-content\/uploads\/2024\/12\/EQUIPE-TABLE-ORIENTATION.jpg 799w, https:\/\/associationmirabel.fr\/wp-content\/uploads\/2024\/12\/EQUIPE-TABLE-ORIENTATION-300x225.jpg 300w, https:\/\/associationmirabel.fr\/wp-content\/uploads\/2024\/12\/EQUIPE-TABLE-ORIENTATION-768x576.jpg 768w\" sizes=\"auto, (max-width: 799px) 100vw, 799px\" \/><\/figure>\n\n\n\n<figure class=\"wp-block-image size-large\"><img loading=\"lazy\" decoding=\"async\" width=\"1024\" height=\"758\" data-id=\"16\" src=\"http:\/\/associationmirabel.fr\/wp-content\/uploads\/2015\/04\/panneau-depart-1024x758.jpg\" alt=\"\" class=\"wp-image-16\" srcset=\"https:\/\/associationmirabel.fr\/wp-content\/uploads\/2015\/04\/panneau-depart-1024x758.jpg 1024w, https:\/\/associationmirabel.fr\/wp-content\/uploads\/2015\/04\/panneau-depart-300x222.jpg 300w, https:\/\/associationmirabel.fr\/wp-content\/uploads\/2015\/04\/panneau-depart-768x568.jpg 768w, https:\/\/associationmirabel.fr\/wp-content\/uploads\/2015\/04\/panneau-depart-1536x1137.jpg 1536w, https:\/\/associationmirabel.fr\/wp-content\/uploads\/2015\/04\/panneau-depart-2048x1516.jpg 2048w\" sizes=\"auto, (max-width: 1024px) 100vw, 1024px\" \/><\/figure>\n\n\n\n<figure class=\"wp-block-image size-full\"><img loading=\"lazy\" decoding=\"async\" width=\"799\" height=\"599\" data-id=\"2032\" src=\"https:\/\/associationmirabel.fr\/wp-content\/uploads\/2024\/12\/TABLE-ORIENTATION.jpg\" alt=\"\" class=\"wp-image-2032\" srcset=\"https:\/\/associationmirabel.fr\/wp-content\/uploads\/2024\/12\/TABLE-ORIENTATION.jpg 799w, https:\/\/associationmirabel.fr\/wp-content\/uploads\/2024\/12\/TABLE-ORIENTATION-300x225.jpg 300w, https:\/\/associationmirabel.fr\/wp-content\/uploads\/2024\/12\/TABLE-ORIENTATION-768x576.jpg 768w\" sizes=\"auto, (max-width: 799px) 100vw, 799px\" \/><\/figure>\n<\/figure>\n\n\n\n<p><\/p>\n\n\n\n<p><a href=\"http:\/\/associationmirabel.fr\/wp-content\/uploads\/2015\/08\/tables-oreintation001-copie.jpg\" target=\"_blank\" rel=\"noopener\"><img loading=\"lazy\" decoding=\"async\" width=\"666\" height=\"768\" class=\"alignnone wp-image-499 size-full\" src=\"http:\/\/associationmirabel.fr\/wp-content\/uploads\/2015\/08\/tables-oreintation001-copie.jpg\" alt=\"tables oreintation001 - copie\" srcset=\"https:\/\/associationmirabel.fr\/wp-content\/uploads\/2015\/08\/tables-oreintation001-copie.jpg 666w, https:\/\/associationmirabel.fr\/wp-content\/uploads\/2015\/08\/tables-oreintation001-copie-260x300.jpg 260w\" sizes=\"auto, (max-width: 666px) 100vw, 666px\" \/><\/a><\/p>\n\n\n\n<p>&nbsp; &nbsp; &nbsp; &nbsp; &nbsp; &nbsp; &nbsp; &nbsp; &nbsp; &nbsp; &nbsp; &nbsp; &nbsp; &nbsp; &nbsp; &nbsp; &nbsp; &nbsp; &nbsp; &nbsp; &nbsp; &nbsp; &nbsp; &nbsp; &nbsp; &nbsp; &nbsp; &nbsp; &nbsp; &nbsp; &nbsp; &nbsp; &nbsp;<a href=\"http:\/\/associationmirabel.fr\/wp-content\/uploads\/2015\/08\/tables-orientation001.jpg\" target=\"_blank\" rel=\"noopener\"><img loading=\"lazy\" decoding=\"async\" width=\"671\" height=\"768\" class=\"alignnone wp-image-497 size-full\" src=\"http:\/\/associationmirabel.fr\/wp-content\/uploads\/2015\/08\/tables-orientation001.jpg\" alt=\"tables orientation001\" srcset=\"https:\/\/associationmirabel.fr\/wp-content\/uploads\/2015\/08\/tables-orientation001.jpg 671w, https:\/\/associationmirabel.fr\/wp-content\/uploads\/2015\/08\/tables-orientation001-262x300.jpg 262w\" sizes=\"auto, (max-width: 671px) 100vw, 671px\" \/><\/a><\/p>\n\n\n\n\n\n<div class=\"wp-block-media-text alignwide is-stacked-on-mobile\"><figure class=\"wp-block-media-text__media\"><\/figure><div class=\"wp-block-media-text__content\">\n<p><\/p>\n<\/div><\/div>\n","protected":false},"excerpt":{"rendered":"<p>D\u00e8s 1998, un premier projet, sur une id\u00e9e ant\u00e9rieure d&rsquo;Aldo Costantin, se met en place et s&rsquo;\u00e9labore par un support en b\u00e9ton au sommet du village, meilleur point de vue \u00e0 360\u00b0. &nbsp;Mais la construction sur un terrain priv\u00e9 emp\u00eachant toute demande de subvention, l&rsquo;association abandonne ce projet. Quelques ann\u00e9es seront n\u00e9cessaires pour rebondir sur [&hellip;]<\/p>\n","protected":false},"author":1,"featured_media":0,"parent":1781,"menu_order":0,"comment_status":"closed","ping_status":"closed","template":"page-with-sidebar","meta":{"footnotes":""},"class_list":["post-31","page","type-page","status-publish","hentry"],"_links":{"self":[{"href":"https:\/\/associationmirabel.fr\/index.php?rest_route=\/wp\/v2\/pages\/31","targetHints":{"allow":["GET"]}}],"collection":[{"href":"https:\/\/associationmirabel.fr\/index.php?rest_route=\/wp\/v2\/pages"}],"about":[{"href":"https:\/\/associationmirabel.fr\/index.php?rest_route=\/wp\/v2\/types\/page"}],"author":[{"embeddable":true,"href":"https:\/\/associationmirabel.fr\/index.php?rest_route=\/wp\/v2\/users\/1"}],"replies":[{"embeddable":true,"href":"https:\/\/associationmirabel.fr\/index.php?rest_route=%2Fwp%2Fv2%2Fcomments&post=31"}],"version-history":[{"count":9,"href":"https:\/\/associationmirabel.fr\/index.php?rest_route=\/wp\/v2\/pages\/31\/revisions"}],"predecessor-version":[{"id":2093,"href":"https:\/\/associationmirabel.fr\/index.php?rest_route=\/wp\/v2\/pages\/31\/revisions\/2093"}],"up":[{"embeddable":true,"href":"https:\/\/associationmirabel.fr\/index.php?rest_route=\/wp\/v2\/pages\/1781"}],"wp:attachment":[{"href":"https:\/\/associationmirabel.fr\/index.php?rest_route=%2Fwp%2Fv2%2Fmedia&parent=31"}],"curies":[{"name":"wp","href":"https:\/\/api.w.org\/{rel}","templated":true}]}}