{"id":384,"date":"2015-08-20T08:14:39","date_gmt":"2015-08-20T07:14:39","guid":{"rendered":"http:\/\/mirabel-valdedrome.fr\/?page_id=384"},"modified":"2025-03-24T15:46:33","modified_gmt":"2025-03-24T14:46:33","slug":"lecole-depuis-1900","status":"publish","type":"page","link":"https:\/\/associationmirabel.fr\/?page_id=384","title":{"rendered":"L&rsquo;\u00e9cole de Mirabel \u00e0 Blacons"},"content":{"rendered":"<p>L&rsquo;exposition sur les \u00e9coles de la commune a connu un bel accueil, en 1913, lors des journ\u00e9es du patrimoine.<\/p>\n<p><em>\u00a0\u00a0 \u00a0 \u00a0 \u00a0 \u00a0 \u00a0\u00a0 \u00a0 \u00a0 \u00a0 \u00a0 \u00a0 \u00a0 \u00a0 \u00a0 \u00a0 \u00a0\u00a0 <\/em>Si l&rsquo;Association Mirabel a tenu \u00e0 retracer, \u00e0 grandes lignes, les \u00e9v\u00e9nements qui ont amen\u00e9 les g\u00e9n\u00e9rations pr\u00e9c\u00e9dentes \u00e0 construire deux \u00e9coles, une \u00e0 Blacons et une aux Berthalais, et par la suite une troisi\u00e8me \u00e0 Charsac, c&rsquo;est qu&rsquo;aujourd&rsquo;hui, \u00e0 l&rsquo;occasion de leur centenaire, on peut mesurer l&rsquo;importance pour ces g\u00e9n\u00e9rations de la mise en place de ce formidable ascenseur social qu&rsquo;est l&rsquo;\u00e9cole. Ces a\u00een\u00e9s ont \u00e9t\u00e9 guid\u00e9s dans leurs d\u00e9cisions par les grands anciens\u00a0: Condorcet, Guizot, Lamartine, Falloux, Hugo, Ferry qui ont tous mis en avant l&rsquo;importance de l&rsquo;\u00e9cole pour amener les populations rurales et ouvri\u00e8res dans le monde moderne.<\/p>\n<p>\u00a0Le r\u00f4le de cette promotion par l&rsquo;\u00e9cole, quoiqu&rsquo;on en dise, existe encore aujourd&rsquo;hui, m\u00eame si son r\u00f4le est brouill\u00e9, pour ne pas dire rel\u00e9gu\u00e9 au deuxi\u00e8me voire au troisi\u00e8me plan, par l&rsquo;invasion m\u00e9diatique et la prolif\u00e9ration des images et des communications de toutes sortes. Apr\u00e8s tout, former un \u00eatre humain, c&rsquo;est aujourd&rsquo;hui encore, \u00e9lever un enfant \u2013 dans tous les sens du terme \u2013 en lui apprenant \u00e0 lire, \u00e9crire, compter, \u00e0 int\u00e9grer les codes sociaux, \u00e0 d\u00e9velopper son esprit critique de futur citoyen et enfin acqu\u00e9rir un m\u00e9tier pour s&rsquo;assurer une vie digne. Deux r\u00f4les compl\u00e9mentaires que se partagent \u00e0 \u00e9galit\u00e9 la famille et l&rsquo;\u00e9cole.<\/p>\n<h5>Quelques autres extraits concernant Mirabel.<\/h5>\n<p>A Mirabel, en 1848, la seule \u00e9cole existante est situ\u00e9e dans ce qui est aujourd\u2019hui le vieux village, en haut du piton ; l&rsquo;instituteur s&rsquo;appelle Pascal et le Conseil municipal vote chaque ann.e un budget pour \u00e9nun\u00e9rer cet instituteur qui re\u00e7oit \u00ab\u00a0selon les dispositions de la loi du 15 mars 1850, la somme de 200 francs que le Conseil porte \u00e0 600 francs \u2013 pr\u00e9lev\u00e9s sur les ressources ordinaires de la commune \u2013 ajoutant des suppl\u00e9ments pour couvrir ses frais concurremment avec la subvention sur les fonds du D\u00e9partement et de l&rsquo;Etat\u00a0\u00bb. Chaque ann\u00e9e le Conseil fixe aussi le \u00a0\u00bb taux de r\u00e9tribution scolaire pay\u00e9e par les parents\u00a0\u00bb en cr\u00e9ant trois cat.gories : les \u00e9l\u00e8ves de moins de 7 ans, ceux qui ont entre 7 et 11 ans et les plus de 12 ans. Les enfants de plus de 12 ans ne paient que 6 mois, preuve que ces enfants devaient travailler aux champs les six autres mois. \u00a0 \u00a0 \u00a0 \u00a0 \u00a0 \u00a0 \u00a0 \u00a0 \u00a0 \u00a0(&#8230;)<\/p>\n<p>D\u00e8s 1867 se posent deux questions : la commune de Mirabel et\u00a0Blacons, ayant d\u00e9pass\u00e9 les 500 habitants, est invit\u00e9e \u00e0 cr\u00e9er une \u00e9cole de\u00a0filles mais le Conseil constate \u00ab qu&rsquo;il est impossible de se procurer un\u00a0logement convenable et une salle d&rsquo;\u00e9cole&#8230;et que d&rsquo;ailleurs le nombre\u00a0de filles qui y seraient appel\u00e9es est extr\u00eamement petit\u00a0\u00bb.\u00a0D&rsquo;autre part, le pr\u00e9fet sugg\u00e8re aux \u00e9lus d&rsquo;envisager la gratuit\u00e9 scolaire, \u00e0\u00a0quoi le Conseil r\u00e9pond \u00ab garder la r\u00e9tribution pour les parents qui\u00a0peuvent payer et d\u00e9cide d&rsquo;instituer l&rsquo;admission gratuite pour les\u00a0autres\u00a0\u00bb. Le traitement de l&rsquo;instituteur est port\u00e9 \u00e0 700 francs et le nombre\u00a0d&rsquo;\u00e9l\u00e8ves admis gratuitement passe \u00e0 12. Mais la baisse de la fr\u00e9quentation\u00a0depuis plusieurs ann\u00e9es de l&rsquo;\u00e9cole \u00e0 Mirabel \u2013 33 en 1865, 21 en 1866, 19 en\u00a01867 &#8211; pose le probl\u00e8me de sa localisation par rapport aux hameaux et\u00a0habitations de la commune.<\/p>\n<p>Plus tard le traitement du ma\u00eetre passe \u00e0 700 francs puis 800 francs, la r\u00e9tribution scolaire augmente et la liste d&rsquo;enfants admis gratuitement compte 16 enfants quand M. Melquiond est instituteur en 1872. Le 29 d\u00e9cembre, M. le Maire \u00ab\u00a0exposant qu&rsquo;une partie du mobilier de l&rsquo;\u00e9cole communale est dans un mauvais \u00e9tat et qu&rsquo;il a \u00e9t\u00e9 oblig\u00e9 d&rsquo;acheter une m\u00e9thode de lecture ainsi que des cartes g\u00e9ographiques, demande d&rsquo;affecter la somme des cours d&rsquo;adultes qui n&rsquo;ont pas eu lieu\u00a0\u00bb \u00e0 ces achats.<\/p>\n<p>En f\u00e9vrier 1874, une p\u00e9tition des habitants des Berthalais \u00e0 M. le Pr\u00e9fet \u00ab\u00a0demandant la cr\u00e9ation d&rsquo;une seconde \u00e9cole mixte \u00e0 placer dans ce hameau\u00a0\u00bb est rejet\u00e9e parce qu&rsquo; \u00ab\u00a0une \u00e9cole cr\u00e9\u00e9e dans ce lieu ne r\u00e9pondrait pas au besoin g\u00e9n\u00e9ral de la population et n&rsquo;en desservirait qu&rsquo;une faible partie ; que du reste les enfants du hameau et de la vall\u00e9e de Gervanne peuvent facilement profiter de l&rsquo;\u00e9cole communale du village de Mirabel, point central pour tous. Le Conseil consid\u00e9rant aussi que la population agricole de la commune \u00e9prouve une grande g\u00eane, dont on ne pr\u00e9voit pas la fin, par suite de la maladie de la vigne, en cons\u00e9quence, il doit moins que jamais songer \u00e0 cr\u00e9er de nouvelles charges \u00e0 la commune\u00a0\u00bb.<\/p>\n<p>L&rsquo;ann\u00e9e suivante une coupe de bois est d\u00e9cid\u00e9e par le Conseil, dont le montant est affect\u00e9 \u00e0 la construction du mur de sout\u00e8nement de l&rsquo;\u00e9cole de Mirabel.<\/p>\n<p>En 1876 la question de la gratuit\u00e9 revient au Conseil ; celui-ci \u00ab\u00a0consid\u00e9rant que les trois quarts des enfants appel\u00e9s \u00e0 fr\u00e9quenter l&rsquo;\u00e9cole communale appartiennent \u00e0 des familles n\u00e9cessiteuses, que ce serait vouloir priver ces enfants de l&rsquo;instruction que de ne pas les admettre gratuitement, que bien des familles peuvent souffrir dans leur amour propre d&rsquo;avouer leur n\u00e9cessit\u00e9 de r\u00e9clamer la gratuit\u00e9 pour leurs enfants&#8230; que la gratuit\u00e9 partielle \u00e9tablit une certaine distinction f\u00e2cheuse entre les enfants&#8230; pour ces motifs l&rsquo;assembl\u00e9e demande que l&rsquo;\u00e9cole communale mixte soit rendue enti\u00e8rement gratuite pour tous les enfants en \u00e2ge de la fr\u00e9quenter, y compris ceux occup\u00e9s dans les fabriques qui peuvent \u00eatre tenus de la fr\u00e9quenter&#8230;\u00a0\u00bb<\/p>\n<p>De plus vue l&rsquo;importance de la commune et l&rsquo;\u00e9loignement de divers hameaux du centre scolaire communal, le Conseil demande \u00ab\u00a0qu&rsquo;une \u00e9cole de hameau mixte soit \u00e9tablie aux Berthalais, centre devenu assez important par ses usines et pouvant fournir en moyenne de vingt \u00e0 vingt cinq enfants \u00e0 l&rsquo;\u00e9cole qui y serait \u00e9tablie et, n&rsquo;ayant pas de ressources \u00e0 affecter \u00e0 l&rsquo;\u00e9tablissement de cette \u00e9cole, le Conseil demande \u00e0 ce que la commune soit aid\u00e9e dans une large part \u00ab\u00a0.<\/p>\n<p>Tous les d\u00e9tails concernant l&rsquo;\u00e9cole de Mirabel et sa disparition finale au profit de celles de Blacons et des Berthalais peuvent \u00eatre retrouv\u00e9s dans la plaquette \u00e9crite par Christian Espinas et les amis de Mirabel. Cette plaquette peut \u00eatre achet\u00e9e en nous contactant. <\/p>\n<p>&nbsp;<\/p>\n\n\n<figure class=\"wp-block-gallery has-nested-images columns-default is-cropped wp-block-gallery-1 is-layout-flex wp-block-gallery-is-layout-flex\">\n<figure class=\"wp-block-image size-large\"><img loading=\"lazy\" decoding=\"async\" width=\"1024\" height=\"720\" data-id=\"564\" src=\"https:\/\/associationmirabel.fr\/wp-content\/uploads\/2015\/08\/mirabel-ecole1-1024x720.jpg\" alt=\"\" class=\"wp-image-564\" srcset=\"https:\/\/associationmirabel.fr\/wp-content\/uploads\/2015\/08\/mirabel-ecole1-1024x720.jpg 1024w, https:\/\/associationmirabel.fr\/wp-content\/uploads\/2015\/08\/mirabel-ecole1-300x211.jpg 300w, https:\/\/associationmirabel.fr\/wp-content\/uploads\/2015\/08\/mirabel-ecole1-768x540.jpg 768w, https:\/\/associationmirabel.fr\/wp-content\/uploads\/2015\/08\/mirabel-ecole1.jpg 1095w\" sizes=\"auto, (max-width: 1024px) 100vw, 1024px\" \/><\/figure>\n\n\n\n<figure class=\"wp-block-image size-large\"><img loading=\"lazy\" decoding=\"async\" width=\"1024\" height=\"771\" data-id=\"565\" src=\"https:\/\/associationmirabel.fr\/wp-content\/uploads\/2015\/08\/Mirabel-1887-1024x771.jpg\" alt=\"\" class=\"wp-image-565\" srcset=\"https:\/\/associationmirabel.fr\/wp-content\/uploads\/2015\/08\/Mirabel-1887-1024x771.jpg 1024w, https:\/\/associationmirabel.fr\/wp-content\/uploads\/2015\/08\/Mirabel-1887-300x226.jpg 300w, https:\/\/associationmirabel.fr\/wp-content\/uploads\/2015\/08\/Mirabel-1887-768x578.jpg 768w, https:\/\/associationmirabel.fr\/wp-content\/uploads\/2015\/08\/Mirabel-1887-1536x1156.jpg 1536w, https:\/\/associationmirabel.fr\/wp-content\/uploads\/2015\/08\/Mirabel-1887-2048x1542.jpg 2048w\" sizes=\"auto, (max-width: 1024px) 100vw, 1024px\" \/><\/figure>\n<\/figure>\n","protected":false},"excerpt":{"rendered":"<p>L&rsquo;exposition sur les \u00e9coles de la commune a connu un bel accueil, en 1913, lors des journ\u00e9es du patrimoine. \u00a0\u00a0 \u00a0 \u00a0 \u00a0 \u00a0 \u00a0\u00a0 \u00a0 \u00a0 \u00a0 \u00a0 \u00a0 \u00a0 \u00a0 \u00a0 \u00a0 \u00a0\u00a0 Si l&rsquo;Association Mirabel a tenu \u00e0 retracer, \u00e0 grandes lignes, les \u00e9v\u00e9nements qui ont amen\u00e9 les g\u00e9n\u00e9rations pr\u00e9c\u00e9dentes \u00e0 construire [&hellip;]<\/p>\n","protected":false},"author":1,"featured_media":0,"parent":96,"menu_order":0,"comment_status":"closed","ping_status":"closed","template":"","meta":{"footnotes":""},"class_list":["post-384","page","type-page","status-publish","hentry"],"_links":{"self":[{"href":"https:\/\/associationmirabel.fr\/index.php?rest_route=\/wp\/v2\/pages\/384","targetHints":{"allow":["GET"]}}],"collection":[{"href":"https:\/\/associationmirabel.fr\/index.php?rest_route=\/wp\/v2\/pages"}],"about":[{"href":"https:\/\/associationmirabel.fr\/index.php?rest_route=\/wp\/v2\/types\/page"}],"author":[{"embeddable":true,"href":"https:\/\/associationmirabel.fr\/index.php?rest_route=\/wp\/v2\/users\/1"}],"replies":[{"embeddable":true,"href":"https:\/\/associationmirabel.fr\/index.php?rest_route=%2Fwp%2Fv2%2Fcomments&post=384"}],"version-history":[{"count":5,"href":"https:\/\/associationmirabel.fr\/index.php?rest_route=\/wp\/v2\/pages\/384\/revisions"}],"predecessor-version":[{"id":2101,"href":"https:\/\/associationmirabel.fr\/index.php?rest_route=\/wp\/v2\/pages\/384\/revisions\/2101"}],"up":[{"embeddable":true,"href":"https:\/\/associationmirabel.fr\/index.php?rest_route=\/wp\/v2\/pages\/96"}],"wp:attachment":[{"href":"https:\/\/associationmirabel.fr\/index.php?rest_route=%2Fwp%2Fv2%2Fmedia&parent=384"}],"curies":[{"name":"wp","href":"https:\/\/api.w.org\/{rel}","templated":true}]}}