{"id":423,"date":"2015-08-23T07:02:02","date_gmt":"2015-08-23T06:02:02","guid":{"rendered":"http:\/\/mirabel-valdedrome.fr\/?page_id=423"},"modified":"2024-12-11T20:23:27","modified_gmt":"2024-12-11T19:23:27","slug":"traditions","status":"publish","type":"page","link":"https:\/\/associationmirabel.fr\/?page_id=423","title":{"rendered":"Tradition: les feux de la St Jean"},"content":{"rendered":"\n<h5 class=\"wp-block-heading\"><em><span style=\"color: #800080;\">Vieux village, vieilles pierres\u2026 Mirabel a une longue histoire, celle des habitants qui l\u2019ont peupl\u00e9e, celle de la langue qu\u2019ils ont parl\u00e9e, celle des coutumes qui ont rythm\u00e9 la vie du village. L\u2019association Mirabel fait naturellement une place aux traditions, sans pour autant tomber dans la nostalgie ou le pass\u00e9isme<\/span>.<\/em><\/h5>\n\n\n\n<h3 class=\"wp-block-heading\"><\/h3>\n\n\n\n<p>Mirabel c\u00e9l\u00e8bre chaque ann\u00e9e la Saint-Jean comme la tradition le veut : le 23 juin, quel que soit le temps, quel que soit le calendrier. L&rsquo;organisation suit un rite bien rod\u00e9 : l&rsquo;association offre un ap\u00e9ritif, puis propose un barbecue, o\u00f9 chacun apporte son repas. Enfin, vers 22h15, tout le monde descend \u00e0 \u00ab\u00a0l&rsquo;aire du balai\u00a0\u00bb, o\u00f9 le feu danse en&nbsp;musique. L&rsquo;ann\u00e9e 2015 a connu une belle innovation. Jusque-l\u00e0 l&rsquo;association r\u00e9tribuait des groupes de musiciens pour animer le repas puis le feu. Cette ann\u00e9e, des musiciens amateurs se sont propos\u00e9s et ont fait sonner leur accord\u00e9on pour le plus grand plaisir des participants.<\/p>\n\n\n\n<figure class=\"wp-block-image\"><a href=\"http:\/\/associationmirabel.fr\/wp-content\/uploads\/2015\/08\/feu-saint-jean-Mirabel.jpg\"><img loading=\"lazy\" decoding=\"async\" width=\"1024\" height=\"768\" src=\"http:\/\/mirabel-valdedrome.fr\/wp-content\/uploads\/2015\/08\/feu-saint-jean-Mirabel-1024x768.jpg\" alt=\"feu saint-jean Mirabel\" class=\"wp-image-452\" srcset=\"https:\/\/associationmirabel.fr\/wp-content\/uploads\/2015\/08\/feu-saint-jean-Mirabel-1024x768.jpg 1024w, https:\/\/associationmirabel.fr\/wp-content\/uploads\/2015\/08\/feu-saint-jean-Mirabel-300x225.jpg 300w, https:\/\/associationmirabel.fr\/wp-content\/uploads\/2015\/08\/feu-saint-jean-Mirabel-768x576.jpg 768w, https:\/\/associationmirabel.fr\/wp-content\/uploads\/2015\/08\/feu-saint-jean-Mirabel.jpg 1280w\" sizes=\"auto, (max-width: 1024px) 100vw, 1024px\" \/><\/a><\/figure>\n\n\n\n<p><\/p>\n\n\n\n<h3 class=\"wp-block-heading\"><span class=\"Apple-style-span\" style=\"color: #000000;\">CARMENTRAN<\/span><\/h3>\n\n\n\n<p>Le Carmentran\u00a0se f\u00eate traditionnellement au moment de Carnaval. Le vieux village de Mirabel\u00a0a connu quelques ann\u00e9es cette manifestation, avec la construction d&rsquo;un grand pantin repr\u00e9sentant le Carmentran coupable de tous les m\u00e9faits, que les participants accusaient de tous les maux qu&rsquo;ils avaient pu subir pendant l&rsquo;ann\u00e9e. Jug\u00e9, puis condamn\u00e9 \u00e0 \u00eatre br\u00fbl\u00e9, il se consumait dans les bruits des p\u00e9tards dont on l&rsquo;avait farci.<\/p>\n","protected":false},"excerpt":{"rendered":"<p>Vieux village, vieilles pierres\u2026 Mirabel a une longue histoire, celle des habitants qui l\u2019ont peupl\u00e9e, celle de la langue qu\u2019ils ont parl\u00e9e, celle des coutumes qui ont rythm\u00e9 la vie du village. L\u2019association Mirabel fait naturellement une place aux traditions, sans pour autant tomber dans la nostalgie ou le pass\u00e9isme. Mirabel c\u00e9l\u00e8bre chaque ann\u00e9e la [&hellip;]<\/p>\n","protected":false},"author":1,"featured_media":0,"parent":1779,"menu_order":0,"comment_status":"closed","ping_status":"closed","template":"","meta":{"footnotes":""},"class_list":["post-423","page","type-page","status-publish","hentry"],"_links":{"self":[{"href":"https:\/\/associationmirabel.fr\/index.php?rest_route=\/wp\/v2\/pages\/423","targetHints":{"allow":["GET"]}}],"collection":[{"href":"https:\/\/associationmirabel.fr\/index.php?rest_route=\/wp\/v2\/pages"}],"about":[{"href":"https:\/\/associationmirabel.fr\/index.php?rest_route=\/wp\/v2\/types\/page"}],"author":[{"embeddable":true,"href":"https:\/\/associationmirabel.fr\/index.php?rest_route=\/wp\/v2\/users\/1"}],"replies":[{"embeddable":true,"href":"https:\/\/associationmirabel.fr\/index.php?rest_route=%2Fwp%2Fv2%2Fcomments&post=423"}],"version-history":[{"count":8,"href":"https:\/\/associationmirabel.fr\/index.php?rest_route=\/wp\/v2\/pages\/423\/revisions"}],"predecessor-version":[{"id":2072,"href":"https:\/\/associationmirabel.fr\/index.php?rest_route=\/wp\/v2\/pages\/423\/revisions\/2072"}],"up":[{"embeddable":true,"href":"https:\/\/associationmirabel.fr\/index.php?rest_route=\/wp\/v2\/pages\/1779"}],"wp:attachment":[{"href":"https:\/\/associationmirabel.fr\/index.php?rest_route=%2Fwp%2Fv2%2Fmedia&parent=423"}],"curies":[{"name":"wp","href":"https:\/\/api.w.org\/{rel}","templated":true}]}}