{"id":464,"date":"2015-08-24T16:22:07","date_gmt":"2015-08-24T15:22:07","guid":{"rendered":"http:\/\/mirabel-valdedrome.fr\/?page_id=464"},"modified":"2025-03-24T15:35:44","modified_gmt":"2025-03-24T14:35:44","slug":"contacts","status":"publish","type":"page","link":"https:\/\/associationmirabel.fr\/?page_id=464","title":{"rendered":"La Fontoune: lavoir et verger"},"content":{"rendered":"\n<p class=\"has-medium-font-size\">Ce lavoir, c&rsquo;est la <em>Fontoune<\/em>, comment on disait. Et Yves nous ressuscite la langue autrefois parl\u00e9e dans le village, avec une fable de l&rsquo;abb\u00e9 Moutier&nbsp;: lo lop et lo reinar, et une petite histoire se passant autour de la <em>Fontoune<\/em> de Mirabel.<\/p>\n\n\n\n<p class=\"has-medium-font-size\">Ce lavoir est donc \u00e0 l&rsquo;origine de l&rsquo;exposition, car la municipalit\u00e9 en a entrepris la restauration, tout en finan\u00e7ant la plantation d&rsquo;un verger citoyen. D\u00e9broussailler, planter, arroser&#8230; C&rsquo;est l\u2019\u0153uvre collective des m\u00eames personnes qui ont fait revivre Ang\u00e8le et Dominique, une polyphonie qui redonne vie au vieux village.&nbsp;<\/p>\n\n\n\n<figure class=\"wp-block-gallery has-nested-images columns-default is-cropped wp-block-gallery-1 is-layout-flex wp-block-gallery-is-layout-flex\">\n<figure class=\"wp-block-image size-large\"><img loading=\"lazy\" decoding=\"async\" width=\"564\" height=\"423\" data-id=\"2025\" src=\"https:\/\/associationmirabel.fr\/wp-content\/uploads\/2024\/12\/DEBROUISSAILLAGE.jpg\" alt=\"\" class=\"wp-image-2025\" srcset=\"https:\/\/associationmirabel.fr\/wp-content\/uploads\/2024\/12\/DEBROUISSAILLAGE.jpg 564w, https:\/\/associationmirabel.fr\/wp-content\/uploads\/2024\/12\/DEBROUISSAILLAGE-300x225.jpg 300w\" sizes=\"auto, (max-width: 564px) 100vw, 564px\" \/><\/figure>\n\n\n\n<figure class=\"wp-block-image size-full\"><img loading=\"lazy\" decoding=\"async\" width=\"564\" height=\"423\" data-id=\"2026\" src=\"https:\/\/associationmirabel.fr\/wp-content\/uploads\/2024\/12\/ESPACS-VERTS.jpg\" alt=\"\" class=\"wp-image-2026\" srcset=\"https:\/\/associationmirabel.fr\/wp-content\/uploads\/2024\/12\/ESPACS-VERTS.jpg 564w, https:\/\/associationmirabel.fr\/wp-content\/uploads\/2024\/12\/ESPACS-VERTS-300x225.jpg 300w\" sizes=\"auto, (max-width: 564px) 100vw, 564px\" \/><\/figure>\n\n\n\n<figure class=\"wp-block-image size-large\"><img loading=\"lazy\" decoding=\"async\" width=\"1023\" height=\"767\" data-id=\"2027\" src=\"https:\/\/associationmirabel.fr\/wp-content\/uploads\/2024\/12\/JARDIN-FOUTOUNE.jpg\" alt=\"\" class=\"wp-image-2027\" srcset=\"https:\/\/associationmirabel.fr\/wp-content\/uploads\/2024\/12\/JARDIN-FOUTOUNE.jpg 1023w, https:\/\/associationmirabel.fr\/wp-content\/uploads\/2024\/12\/JARDIN-FOUTOUNE-300x225.jpg 300w, https:\/\/associationmirabel.fr\/wp-content\/uploads\/2024\/12\/JARDIN-FOUTOUNE-768x576.jpg 768w\" sizes=\"auto, (max-width: 1023px) 100vw, 1023px\" \/><\/figure>\n\n\n\n<figure class=\"wp-block-image size-full\"><img loading=\"lazy\" decoding=\"async\" width=\"1023\" height=\"767\" data-id=\"2028\" src=\"https:\/\/associationmirabel.fr\/wp-content\/uploads\/2024\/12\/LAVOIR.jpg\" alt=\"\" class=\"wp-image-2028\" srcset=\"https:\/\/associationmirabel.fr\/wp-content\/uploads\/2024\/12\/LAVOIR.jpg 1023w, https:\/\/associationmirabel.fr\/wp-content\/uploads\/2024\/12\/LAVOIR-300x225.jpg 300w, https:\/\/associationmirabel.fr\/wp-content\/uploads\/2024\/12\/LAVOIR-768x576.jpg 768w\" sizes=\"auto, (max-width: 1023px) 100vw, 1023px\" \/><\/figure>\n<\/figure>\n","protected":false},"excerpt":{"rendered":"<p>Ce lavoir, c&rsquo;est la Fontoune, comment on disait. Et Yves nous ressuscite la langue autrefois parl\u00e9e dans le village, avec une fable de l&rsquo;abb\u00e9 Moutier&nbsp;: lo lop et lo reinar, et une petite histoire se passant autour de la Fontoune de Mirabel. Ce lavoir est donc \u00e0 l&rsquo;origine de l&rsquo;exposition, car la municipalit\u00e9 en a [&hellip;]<\/p>\n","protected":false},"author":1,"featured_media":0,"parent":1781,"menu_order":0,"comment_status":"open","ping_status":"closed","template":"","meta":{"footnotes":""},"class_list":["post-464","page","type-page","status-publish","hentry"],"_links":{"self":[{"href":"https:\/\/associationmirabel.fr\/index.php?rest_route=\/wp\/v2\/pages\/464","targetHints":{"allow":["GET"]}}],"collection":[{"href":"https:\/\/associationmirabel.fr\/index.php?rest_route=\/wp\/v2\/pages"}],"about":[{"href":"https:\/\/associationmirabel.fr\/index.php?rest_route=\/wp\/v2\/types\/page"}],"author":[{"embeddable":true,"href":"https:\/\/associationmirabel.fr\/index.php?rest_route=\/wp\/v2\/users\/1"}],"replies":[{"embeddable":true,"href":"https:\/\/associationmirabel.fr\/index.php?rest_route=%2Fwp%2Fv2%2Fcomments&post=464"}],"version-history":[{"count":5,"href":"https:\/\/associationmirabel.fr\/index.php?rest_route=\/wp\/v2\/pages\/464\/revisions"}],"predecessor-version":[{"id":2092,"href":"https:\/\/associationmirabel.fr\/index.php?rest_route=\/wp\/v2\/pages\/464\/revisions\/2092"}],"up":[{"embeddable":true,"href":"https:\/\/associationmirabel.fr\/index.php?rest_route=\/wp\/v2\/pages\/1781"}],"wp:attachment":[{"href":"https:\/\/associationmirabel.fr\/index.php?rest_route=%2Fwp%2Fv2%2Fmedia&parent=464"}],"curies":[{"name":"wp","href":"https:\/\/api.w.org\/{rel}","templated":true}]}}