{"id":469,"date":"2015-08-24T17:39:55","date_gmt":"2015-08-24T16:39:55","guid":{"rendered":"http:\/\/mirabel-valdedrome.fr\/?page_id=469"},"modified":"2024-12-11T20:01:01","modified_gmt":"2024-12-11T19:01:01","slug":"les-travaux-et-les-jours","status":"publish","type":"page","link":"https:\/\/associationmirabel.fr\/?page_id=469","title":{"rendered":"Les travaux et les jours"},"content":{"rendered":"\n<h3 class=\"wp-block-heading\">Comment l&rsquo;ancien temple devient<\/h3>\n\n\n\n<h3 class=\"wp-block-heading\">la Maison de Mirabel<\/h3>\n\n\n\n<p>&nbsp;<\/p>\n\n\n\n<p>D\u00e8s 1979, l&rsquo;association Mirabel a effectu\u00e9 d&rsquo;importants travaux de r\u00e9novation de l&rsquo;ancien temple : cr\u00e9ation d&rsquo;ouvertures en rez-de-chauss\u00e9e, cr\u00e9ation d&rsquo;une dalle s\u00e9parant le b\u00e2timent en deux niveaux, r\u00e9fection compl\u00e8te de l&rsquo;\u00e9lectricit\u00e9 et des adductions d&rsquo;eau, cr\u00e9ation de l&rsquo;assainissement, construction du local annexe pour la mise en place de sanitaires, escalier pour acc\u00e8s ext\u00e9rieur par la terrasse, construction de l&rsquo;escalier int\u00e9rieur, et bien s\u00fbr tous les travaux d&rsquo;enduits et de peinture.<\/p>\n\n\n\n<p>Les travaux ont dur\u00e9 une bonne vingtaine&nbsp;d&rsquo;ann\u00e9es. Quelques photos t\u00e9moignent de l&rsquo;\u00e9tat initial du lieu et des chantiers des membres de l&rsquo;association, qui se faisaient d&rsquo;ann\u00e9e en ann\u00e9e.<\/p>\n\n\n\n<h3 class=\"wp-block-heading\">&nbsp; &nbsp; &nbsp; &nbsp; &nbsp; &nbsp; &nbsp; &nbsp; &nbsp; &nbsp; &nbsp; &nbsp; &nbsp; &nbsp; &nbsp; &nbsp; &nbsp; &nbsp; &nbsp; &nbsp; &nbsp; &nbsp; &nbsp; &nbsp; &nbsp; &nbsp; &nbsp; &nbsp; &nbsp; &nbsp; &nbsp; &nbsp; &nbsp; &nbsp; &nbsp; &nbsp; &nbsp; &nbsp; &nbsp; &nbsp; &nbsp; &nbsp; <\/h3>\n\n\n\n<figure class=\"wp-block-gallery has-nested-images columns-default is-cropped wp-block-gallery-1 is-layout-flex wp-block-gallery-is-layout-flex\">\n<figure class=\"wp-block-image size-large\"><img loading=\"lazy\" decoding=\"async\" width=\"1024\" height=\"673\" data-id=\"470\" src=\"https:\/\/associationmirabel.fr\/wp-content\/uploads\/2015\/08\/Mirabel-travaux-compr.1.jpg\" alt=\"\" class=\"wp-image-470\" srcset=\"https:\/\/associationmirabel.fr\/wp-content\/uploads\/2015\/08\/Mirabel-travaux-compr.1.jpg 1024w, https:\/\/associationmirabel.fr\/wp-content\/uploads\/2015\/08\/Mirabel-travaux-compr.1-300x197.jpg 300w, https:\/\/associationmirabel.fr\/wp-content\/uploads\/2015\/08\/Mirabel-travaux-compr.1-768x505.jpg 768w\" sizes=\"auto, (max-width: 1024px) 100vw, 1024px\" \/><\/figure>\n\n\n\n<figure class=\"wp-block-image size-large\"><img loading=\"lazy\" decoding=\"async\" width=\"1024\" height=\"651\" data-id=\"487\" src=\"https:\/\/associationmirabel.fr\/wp-content\/uploads\/2015\/08\/Mirabel-travaux-41.jpg\" alt=\"\" class=\"wp-image-487\" srcset=\"https:\/\/associationmirabel.fr\/wp-content\/uploads\/2015\/08\/Mirabel-travaux-41.jpg 1024w, https:\/\/associationmirabel.fr\/wp-content\/uploads\/2015\/08\/Mirabel-travaux-41-300x191.jpg 300w, https:\/\/associationmirabel.fr\/wp-content\/uploads\/2015\/08\/Mirabel-travaux-41-768x488.jpg 768w\" sizes=\"auto, (max-width: 1024px) 100vw, 1024px\" \/><\/figure>\n\n\n\n<figure class=\"wp-block-image size-large\"><img loading=\"lazy\" decoding=\"async\" width=\"1024\" height=\"651\" data-id=\"481\" src=\"https:\/\/associationmirabel.fr\/wp-content\/uploads\/2015\/08\/repas-de-chantier-2.jpg\" alt=\"\" class=\"wp-image-481\" srcset=\"https:\/\/associationmirabel.fr\/wp-content\/uploads\/2015\/08\/repas-de-chantier-2.jpg 1024w, https:\/\/associationmirabel.fr\/wp-content\/uploads\/2015\/08\/repas-de-chantier-2-300x191.jpg 300w, https:\/\/associationmirabel.fr\/wp-content\/uploads\/2015\/08\/repas-de-chantier-2-768x488.jpg 768w\" sizes=\"auto, (max-width: 1024px) 100vw, 1024px\" \/><\/figure>\n\n\n\n<figure class=\"wp-block-image size-large\"><img loading=\"lazy\" decoding=\"async\" width=\"1024\" height=\"651\" data-id=\"479\" src=\"https:\/\/associationmirabel.fr\/wp-content\/uploads\/2015\/08\/repas-de-chantier.jpg\" alt=\"\" class=\"wp-image-479\" srcset=\"https:\/\/associationmirabel.fr\/wp-content\/uploads\/2015\/08\/repas-de-chantier.jpg 1024w, https:\/\/associationmirabel.fr\/wp-content\/uploads\/2015\/08\/repas-de-chantier-300x191.jpg 300w, https:\/\/associationmirabel.fr\/wp-content\/uploads\/2015\/08\/repas-de-chantier-768x488.jpg 768w\" sizes=\"auto, (max-width: 1024px) 100vw, 1024px\" \/><\/figure>\n\n\n\n<figure class=\"wp-block-image size-large\"><img loading=\"lazy\" decoding=\"async\" width=\"800\" height=\"531\" data-id=\"474\" src=\"https:\/\/associationmirabel.fr\/wp-content\/uploads\/2015\/08\/Mirabel-travaux-3.jpg\" alt=\"\" class=\"wp-image-474\" srcset=\"https:\/\/associationmirabel.fr\/wp-content\/uploads\/2015\/08\/Mirabel-travaux-3.jpg 800w, https:\/\/associationmirabel.fr\/wp-content\/uploads\/2015\/08\/Mirabel-travaux-3-300x199.jpg 300w, https:\/\/associationmirabel.fr\/wp-content\/uploads\/2015\/08\/Mirabel-travaux-3-768x510.jpg 768w\" sizes=\"auto, (max-width: 800px) 100vw, 800px\" \/><\/figure>\n\n\n\n<figure class=\"wp-block-image size-large\"><img loading=\"lazy\" decoding=\"async\" width=\"800\" height=\"497\" data-id=\"472\" src=\"https:\/\/associationmirabel.fr\/wp-content\/uploads\/2015\/08\/Mirabel-travaux-2.jpg\" alt=\"\" class=\"wp-image-472\" srcset=\"https:\/\/associationmirabel.fr\/wp-content\/uploads\/2015\/08\/Mirabel-travaux-2.jpg 800w, https:\/\/associationmirabel.fr\/wp-content\/uploads\/2015\/08\/Mirabel-travaux-2-300x186.jpg 300w, https:\/\/associationmirabel.fr\/wp-content\/uploads\/2015\/08\/Mirabel-travaux-2-768x477.jpg 768w\" sizes=\"auto, (max-width: 800px) 100vw, 800px\" \/><\/figure>\n\n\n\n<figure class=\"wp-block-image size-full\"><img loading=\"lazy\" decoding=\"async\" width=\"799\" height=\"599\" data-id=\"2051\" src=\"https:\/\/associationmirabel.fr\/wp-content\/uploads\/2024\/12\/ESTRADES-1.jpg\" alt=\"\" class=\"wp-image-2051\" srcset=\"https:\/\/associationmirabel.fr\/wp-content\/uploads\/2024\/12\/ESTRADES-1.jpg 799w, https:\/\/associationmirabel.fr\/wp-content\/uploads\/2024\/12\/ESTRADES-1-300x225.jpg 300w, https:\/\/associationmirabel.fr\/wp-content\/uploads\/2024\/12\/ESTRADES-1-768x576.jpg 768w\" sizes=\"auto, (max-width: 799px) 100vw, 799px\" \/><figcaption class=\"wp-element-caption\"><strong>Fabrication des estrades<\/strong><\/figcaption><\/figure>\n<\/figure>\n\n\n\n<p><\/p>\n","protected":false},"excerpt":{"rendered":"<p>Comment l&rsquo;ancien temple devient la Maison de Mirabel &nbsp; D\u00e8s 1979, l&rsquo;association Mirabel a effectu\u00e9 d&rsquo;importants travaux de r\u00e9novation de l&rsquo;ancien temple : cr\u00e9ation d&rsquo;ouvertures en rez-de-chauss\u00e9e, cr\u00e9ation d&rsquo;une dalle s\u00e9parant le b\u00e2timent en deux niveaux, r\u00e9fection compl\u00e8te de l&rsquo;\u00e9lectricit\u00e9 et des adductions d&rsquo;eau, cr\u00e9ation de l&rsquo;assainissement, construction du local annexe pour la mise en [&hellip;]<\/p>\n","protected":false},"author":1,"featured_media":0,"parent":1781,"menu_order":0,"comment_status":"closed","ping_status":"closed","template":"","meta":{"footnotes":""},"class_list":["post-469","page","type-page","status-publish","hentry"],"_links":{"self":[{"href":"https:\/\/associationmirabel.fr\/index.php?rest_route=\/wp\/v2\/pages\/469","targetHints":{"allow":["GET"]}}],"collection":[{"href":"https:\/\/associationmirabel.fr\/index.php?rest_route=\/wp\/v2\/pages"}],"about":[{"href":"https:\/\/associationmirabel.fr\/index.php?rest_route=\/wp\/v2\/types\/page"}],"author":[{"embeddable":true,"href":"https:\/\/associationmirabel.fr\/index.php?rest_route=\/wp\/v2\/users\/1"}],"replies":[{"embeddable":true,"href":"https:\/\/associationmirabel.fr\/index.php?rest_route=%2Fwp%2Fv2%2Fcomments&post=469"}],"version-history":[{"count":6,"href":"https:\/\/associationmirabel.fr\/index.php?rest_route=\/wp\/v2\/pages\/469\/revisions"}],"predecessor-version":[{"id":2063,"href":"https:\/\/associationmirabel.fr\/index.php?rest_route=\/wp\/v2\/pages\/469\/revisions\/2063"}],"up":[{"embeddable":true,"href":"https:\/\/associationmirabel.fr\/index.php?rest_route=\/wp\/v2\/pages\/1781"}],"wp:attachment":[{"href":"https:\/\/associationmirabel.fr\/index.php?rest_route=%2Fwp%2Fv2%2Fmedia&parent=469"}],"curies":[{"name":"wp","href":"https:\/\/api.w.org\/{rel}","templated":true}]}}