{"id":682,"date":"2016-12-06T08:35:10","date_gmt":"2016-12-06T07:35:10","guid":{"rendered":"http:\/\/mirabel-valdedrome.fr\/?page_id=682"},"modified":"2025-03-24T15:49:43","modified_gmt":"2025-03-24T14:49:43","slug":"archives","status":"publish","type":"page","link":"https:\/\/associationmirabel.fr\/?page_id=682","title":{"rendered":"Exposition de peinture"},"content":{"rendered":"\n<h2 class=\"wp-block-heading\">\u00ab\u00a0VOUS AVEZ DIT VOISIN(S) ?<\/h2>\n\n\n\n<h3 class=\"wp-block-heading\"><span style=\"color: #993300;\">Calendrier 201<\/span>6<\/h3>\n\n\n\n<figure class=\"wp-block-image\"><img loading=\"lazy\" decoding=\"async\" width=\"300\" height=\"211\" src=\"http:\/\/mirabel-valdedrome.fr\/wp-content\/uploads\/2015\/04\/affiche-expo-2-300x211.jpg\" alt=\"affiche expo 2\" class=\"wp-image-640\" srcset=\"https:\/\/associationmirabel.fr\/wp-content\/uploads\/2015\/04\/affiche-expo-2-300x211.jpg 300w, https:\/\/associationmirabel.fr\/wp-content\/uploads\/2015\/04\/affiche-expo-2-768x541.jpg 768w, https:\/\/associationmirabel.fr\/wp-content\/uploads\/2015\/04\/affiche-expo-2.jpg 814w\" sizes=\"auto, (max-width: 300px) 100vw, 300px\" \/><\/figure>\n\n\n\n<p><\/p>\n\n\n\n<p><strong>Journ\u00e9es du patrimoine \u00e0 Mirabel et Blacons<\/strong><\/p>\n\n\n\n<p>Aux journ\u00e9es du patrimoine de 2008, l&rsquo;association Mirabel, dont le si\u00e8ge social est \u00e0 Mirabel et Blacons, avait mis \u00e0 l\u2019honneur un artiste-peintre local m\u00e9connu&nbsp;:<\/p>\n\n\n\n<p><strong>L&rsquo;abb\u00e9 Antoine VOISIN<\/strong><\/p>\n\n\n\n<p><strong>(1871-1940)<\/strong><\/p>\n\n\n\n<p>Antoine Voisin naquit le 27 mars 1871 \u00e0 Lavo\u00fbte-Chilhac, dans le d\u00e9partement de la Haute-Loire. Il fit ses \u00e9tudes au petit s\u00e9minaire de Valence, puis au grand s\u00e9minaire de Romans. Ordonn\u00e9 pr\u00eatre le 11 novembre 1894, ensuite professeur au petit s\u00e9minaire pendant un an, puis vicaire un an au Grand-Serre et dix ans \u00e0 Crest, il fut enfin nomm\u00e9 cur\u00e9 de Blacons en 1906, charge qu&rsquo;il conserva jusqu&rsquo;\u00e0 sa mort. Pendant la Grande Guerre, il fut mobilis\u00e9 de 1915 \u00e0 1919. Il d\u00e9c\u00e9da \u00e0 Blacons le 24 ao\u00fbt 1940.<\/p>\n\n\n\n<p>Sa grande passion fut la peinture o\u00f9 il excella. Un recensement a r\u00e9v\u00e9l\u00e9 qu&rsquo;il avait peint au moins 90 toiles, dont 2 grands formats qui ornent le ch\u0153ur de l\u2019\u00e9glise de Mirabel et Blacons, et une vingtaine de gouaches et aquarelles, sans compter de nombreux croquis et esquisses.<\/p>\n\n\n\n<p>En 2008, 34 toiles ont \u00e9t\u00e9 expos\u00e9es au public. Cette ann\u00e9e, une trentaine d&rsquo;autres seront d\u00e9voil\u00e9es aux c\u00f4t\u00e9s d\u2019une quinzaine d&rsquo;oeuvres de ses \u00ab&nbsp;\u00e9l\u00e8ves&nbsp;\u00bb&nbsp;locaux : Pierre Servant et C\u00e9cile Flach\u00e8re.<\/p>\n\n\n\n<p>C&rsquo;est dans notre Val de Dr\u00f4me, \u00e0 Crest, que s&rsquo;est install\u00e9, en 1953 et jusqu&rsquo;\u00e0 sa mort, un grand artiste homonyme&nbsp;:<\/p>\n\n\n\n<p><strong>Albert VOISIN dit VANBER<\/strong><\/p>\n\n\n\n<p><strong>(1905-1994)<\/strong><\/p>\n\n\n\n<p>Autant la renomm\u00e9e de l&rsquo;abb\u00e9 Voisin \u00e9tait limit\u00e9e \u00e0 un petit cercle de proches, autant celle de Vanber s&rsquo;est affirm\u00e9e dans les milieux artistiques d\u00e8s le deuxi\u00e8me tiers du XX\u00e8me si\u00e8cle. Sa fr\u00e9quentation de grands artistes comme Albert Gleizes, Robert et Sonia Delaunay, Andr\u00e9 Lhote, d\u00e8s les ann\u00e9es 30, lui a permis d&rsquo;\u00e9laborer une palette personnelle, inventive et originale, et de participer aux grands mouvements du si\u00e8cle. Mais Vanber, personnage d\u2019une extr\u00eame discr\u00e9tion, n&rsquo;a jamais cherch\u00e9 \u00e0 vendre ses \u0153uvres. \u00ab&nbsp;Peu montr\u00e9e \u2013 il n&rsquo;eut que peu d&rsquo;expositions personnelles, et presque uniquement dans notre r\u00e9gion apr\u00e8s 1953- l&rsquo;oeuvre de Vanber n&rsquo;en demeure pas moins, du cubisme \u00e0 l&rsquo;abstraction, un itin\u00e9raire \u00e0 part enti\u00e8re, l&rsquo;oeuvre d&rsquo;une vie consacr\u00e9e \u00e0 la peinture.&nbsp;\u00bb (H\u00e9l\u00e8ne Moulin)<\/p>\n\n\n\n<p><strong>MIRABEL, les raisons d&rsquo;une exposition<\/strong><\/p>\n\n\n\n<p>Vanber nous a confi\u00e9 qu&rsquo;il avait \u00e9t\u00e9 tent\u00e9 de s&rsquo;installer dans le vieux village de Mirabel o\u00f9 il avait d\u2019ailleurs lou\u00e9 une chambre, le temps d\u2019un \u00e9t\u00e9, alors qu&rsquo;il connaissait bien le Mirmande d&rsquo;Andr\u00e9 Lhote. Il a d&rsquo;ailleurs fait don \u00e0 l&rsquo;association Mirabel d&rsquo;une \u0153uvre qui a vraisemblablement \u00e9t\u00e9 peinte au vieux village et qui sera expos\u00e9e pour la premi\u00e8re fois au public, accompagn\u00e9e de quelques autres de ses toiles.<\/p>\n\n\n\n<p>Ces artistes sont tr\u00e8s diff\u00e9rents, m\u00eame si leur homonymie a parfois fait prendre des toiles du premier pour des \u0153uvres de jeunesse du second. Exposer ces deux peintres dans un m\u00eame lieu, ce n\u2019est pas vouloir cr\u00e9er une hi\u00e9rarchie par des jugements de valeur. C\u2019est montrer deux parcours authentiques. L\u2019un exer\u00e7ant sa passion au sein de son minist\u00e8re religieux, l\u2019autre s\u2019inscrivant comme un grand artiste du XX\u00e8me si\u00e8cle. Mais si le r\u00e9el a constitu\u00e9 le principe figuratif incontestable de notre artiste-cur\u00e9, il n&rsquo;a jamais, pour autant, totalement quitt\u00e9 le parcours inventif d&rsquo;un Vanber, artiste de son temps.<\/p>\n\n\n\n<h2 class=\"wp-block-heading\"><\/h2>\n\n\n\n<h3 class=\"wp-block-heading\"><\/h3>\n\n\n\n<p><\/p>\n\n\n\n<p class=\"has-text-align-center\">&nbsp;_*_*_*_*_*_*_*_*_*_*_*_*_*_*_*_*_*_*_*_*_*_*_*_*_*_<\/p>\n\n\n\n<h5 class=\"wp-block-heading\"><\/h5>\n\n\n\n<h5 class=\"wp-block-heading\"><\/h5>\n","protected":false},"excerpt":{"rendered":"<p>\u00ab\u00a0VOUS AVEZ DIT VOISIN(S) ? Calendrier 2016 Journ\u00e9es du patrimoine \u00e0 Mirabel et Blacons Aux journ\u00e9es du patrimoine de 2008, l&rsquo;association Mirabel, dont le si\u00e8ge social est \u00e0 Mirabel et Blacons, avait mis \u00e0 l\u2019honneur un artiste-peintre local m\u00e9connu&nbsp;: L&rsquo;abb\u00e9 Antoine VOISIN (1871-1940) Antoine Voisin naquit le 27 mars 1871 \u00e0 Lavo\u00fbte-Chilhac, dans le d\u00e9partement [&hellip;]<\/p>\n","protected":false},"author":1,"featured_media":0,"parent":96,"menu_order":0,"comment_status":"closed","ping_status":"closed","template":"page-with-sidebar","meta":{"footnotes":""},"class_list":["post-682","page","type-page","status-publish","hentry"],"_links":{"self":[{"href":"https:\/\/associationmirabel.fr\/index.php?rest_route=\/wp\/v2\/pages\/682","targetHints":{"allow":["GET"]}}],"collection":[{"href":"https:\/\/associationmirabel.fr\/index.php?rest_route=\/wp\/v2\/pages"}],"about":[{"href":"https:\/\/associationmirabel.fr\/index.php?rest_route=\/wp\/v2\/types\/page"}],"author":[{"embeddable":true,"href":"https:\/\/associationmirabel.fr\/index.php?rest_route=\/wp\/v2\/users\/1"}],"replies":[{"embeddable":true,"href":"https:\/\/associationmirabel.fr\/index.php?rest_route=%2Fwp%2Fv2%2Fcomments&post=682"}],"version-history":[{"count":4,"href":"https:\/\/associationmirabel.fr\/index.php?rest_route=\/wp\/v2\/pages\/682\/revisions"}],"predecessor-version":[{"id":2102,"href":"https:\/\/associationmirabel.fr\/index.php?rest_route=\/wp\/v2\/pages\/682\/revisions\/2102"}],"up":[{"embeddable":true,"href":"https:\/\/associationmirabel.fr\/index.php?rest_route=\/wp\/v2\/pages\/96"}],"wp:attachment":[{"href":"https:\/\/associationmirabel.fr\/index.php?rest_route=%2Fwp%2Fv2%2Fmedia&parent=682"}],"curies":[{"name":"wp","href":"https:\/\/api.w.org\/{rel}","templated":true}]}}