{"id":85,"date":"2015-04-29T10:09:24","date_gmt":"2015-04-29T09:09:24","guid":{"rendered":"http:\/\/mirabel-valdedrome.fr\/?page_id=85"},"modified":"2024-12-11T20:33:52","modified_gmt":"2024-12-11T19:33:52","slug":"arts-et-culture","status":"publish","type":"page","link":"https:\/\/associationmirabel.fr\/?page_id=85","title":{"rendered":"Arts et Culture"},"content":{"rendered":"<p style=\"text-align: justify;\"><strong>\u00a0L&rsquo;association Mirabel s&rsquo;int\u00e9resse\u00a0aux arts, particuli\u00e8rement les formes artistiques qui se sont d\u00e9velopp\u00e9es\u00a0localement. <\/strong><\/p>\n<p style=\"text-align: justify;\"><strong>Plusieurs expositions ont \u00e9t\u00e9 pr\u00e9sent\u00e9es dans la maison de Mirabel. <\/strong><\/p>\n<p style=\"text-align: justify;\"><strong>Les artistes de la figuration libre ont ainsi \u00e9t\u00e9 pr\u00e9sent\u00e9s dans l&rsquo;ancien temple, en 2003, \u00e0 l&rsquo;instigation de Boris Millot : oeuvres de Combas, Di Rosa, Boisrond, Blanchard.<\/strong><\/p>\n<h6 style=\"text-align: justify;\">En 2006, Pierre Basvadji, peintre proche de Soulages, exposait dans la salle du haut un bel ensemble d&rsquo;encres.<\/h6>\n<p>&nbsp;<\/p>\n<p style=\"text-align: justify;\"><strong>Mais l&rsquo;une des plus importantes et concernant directement notre village \u00e9tait consacr\u00e9e \u00e0 l&rsquo;abb\u00e9 Antoine Voisin.<\/strong><\/p>\n<h2 style=\"text-align: center;\"><strong>Abb\u00e9 Antoine VOISIN<\/strong><\/h2>\n<p style=\"text-align: center;\">(1871-1940)<\/p>\n<p style=\"text-align: center;\"><a href=\"http:\/\/mirabel-valdedrome.fr\/wp-content\/uploads\/2015\/04\/Photos-Abb\u00e9-Voisin3.compr_.jpg\"><img loading=\"lazy\" decoding=\"async\" class=\"alignnone  wp-image-137\" src=\"http:\/\/mirabel-valdedrome.fr\/wp-content\/uploads\/2015\/04\/Photos-Abb\u00e9-Voisin3.compr_-216x300.jpg\" alt=\"Photos Abb\u00e9 Voisin3.compr\" width=\"211\" height=\"293\" \/><\/a><\/p>\n<p style=\"text-align: justify;\">Monsieur l&rsquo;abb\u00e9 Antoine Voisin naquit le 27 mars 1871 \u00e0 La Voute-Chilhac dans le d\u00e9partement de la Haute-Loire. Il fit ses \u00e9tudes au petit s\u00e9minaire de Valence, puis au grand s\u00e9minaire de Romans. Il fut ordonn\u00e9 pr\u00eatre le 11 novembre 1894. Professeur au petit s\u00e9minaire pendant un an, vicaire un an au Grand Serre puis dix ans \u00e0 Crest, il fut nomm\u00e9 enfin cur\u00e9 de Blacons en 1906, charge qu\u2019il conserva jusqu\u2019\u00e0 sa mort. Pendant la Grande Guerre, il fut mobilis\u00e9 de 1915 \u00e0 1919. Il d\u00e9c\u00e9da \u00e0 Blacons le 24 ao\u00fbt 1940.<\/p>\n<h4><strong>Le b\u00e2tisseur<\/strong><\/h4>\n<p style=\"text-align: justify;\">En 1912 et 1913, il b\u00e2tit l\u2019immeuble qui devint salle des f\u00eates, salle de cin\u00e9ma&#8230;.\u00a0Entre 1920 et 1930, il r\u00e9alisa l\u2019extension de la sacristie de l\u2019\u00e9glise pour en faire la salle de cat\u00e9chisme. Pour ce faire, il employa les deux ma\u00e7ons du village\u00a0: Davin et Ravel.<\/p>\n<h4><strong>L\u2019apiculteur<\/strong><\/h4>\n<p>Passionn\u00e9 par les abeilles, il forma tous ceux qui lui demand\u00e8rent des conseils.<\/p>\n<h4><strong>L\u2019animateur<\/strong><\/h4>\n<p style=\"text-align: justify;\">Il fut un animateur de la jeunesse d\u00e8s le tout d\u00e9but des patronages. Il monta une troupe de th\u00e9\u00e2tre\u00a0; il assura bien s\u00fbr la confection des d\u00e9cors. Et d\u00e9j\u00e0, il organisa des s\u00e9ances de projection cin\u00e9matographique.<\/p>\n<h1>Le peintre<\/h1>\n<p style=\"text-align: justify;\">Il peignit beaucoup et d\u00e8s son jeune \u00e2ge. Certaines d\u00e9corations de l\u2019\u00e9glise de Crest sont de lui.\u00a080 tableaux ont \u00e9t\u00e9 recens\u00e9s. Deux d\u2019entre eux ont \u00e9t\u00e9 install\u00e9s en 1950 dans l\u2019\u00e9glise de Blacons. Il s\u2019essaya \u00e0 l\u2019aquarelle pendant son temps de guerre dans la Marne\u00a0: 12 pi\u00e8ces ont \u00e9t\u00e9 trouv\u00e9es. Tout ceci n\u2019est pas exhaustif\u00a0: les recherches continuent.<\/p>\n<p><a href=\"http:\/\/mirabel-valdedrome.fr\/wp-content\/uploads\/2015\/04\/Abb\u00e9-Voisin.rivi\u00e8re-3-becs.compr_.jpg\"><img loading=\"lazy\" decoding=\"async\" class=\" size-medium wp-image-134 aligncenter\" src=\"http:\/\/mirabel-valdedrome.fr\/wp-content\/uploads\/2015\/04\/Abb\u00e9-Voisin.rivi\u00e8re-3-becs.compr_-300x209.jpg\" alt=\"Abb\u00e9 Voisin.rivi\u00e8re 3 becs.compr\" width=\"300\" height=\"209\" \/><\/a><\/p>\n<p><b>\u00a0\u00a0<a href=\"http:\/\/mirabel-valdedrome.fr\/wp-content\/uploads\/2015\/04\/Abb\u00e9-Voisin.Blacons-usine.compr_.jpg\"><img loading=\"lazy\" decoding=\"async\" class=\"  wp-image-140 aligncenter\" src=\"http:\/\/mirabel-valdedrome.fr\/wp-content\/uploads\/2015\/04\/Abb\u00e9-Voisin.Blacons-usine.compr_-300x121.jpg\" alt=\"Abb\u00e9 Voisin.Blacons usine.compr\" width=\"484\" height=\"195\" \/><\/a><\/b><\/p>\n","protected":false},"excerpt":{"rendered":"<p>\u00a0L&rsquo;association Mirabel s&rsquo;int\u00e9resse\u00a0aux arts, particuli\u00e8rement les formes artistiques qui se sont d\u00e9velopp\u00e9es\u00a0localement. Plusieurs expositions ont \u00e9t\u00e9 pr\u00e9sent\u00e9es dans la maison de Mirabel. Les artistes de la figuration libre ont ainsi \u00e9t\u00e9 pr\u00e9sent\u00e9s dans l&rsquo;ancien temple, en 2003, \u00e0 l&rsquo;instigation de Boris Millot : oeuvres de Combas, Di Rosa, Boisrond, Blanchard. En 2006, Pierre Basvadji, peintre [&hellip;]<\/p>\n","protected":false},"author":1,"featured_media":0,"parent":96,"menu_order":0,"comment_status":"closed","ping_status":"closed","template":"","meta":{"footnotes":""},"class_list":["post-85","page","type-page","status-publish","hentry"],"_links":{"self":[{"href":"https:\/\/associationmirabel.fr\/index.php?rest_route=\/wp\/v2\/pages\/85","targetHints":{"allow":["GET"]}}],"collection":[{"href":"https:\/\/associationmirabel.fr\/index.php?rest_route=\/wp\/v2\/pages"}],"about":[{"href":"https:\/\/associationmirabel.fr\/index.php?rest_route=\/wp\/v2\/types\/page"}],"author":[{"embeddable":true,"href":"https:\/\/associationmirabel.fr\/index.php?rest_route=\/wp\/v2\/users\/1"}],"replies":[{"embeddable":true,"href":"https:\/\/associationmirabel.fr\/index.php?rest_route=%2Fwp%2Fv2%2Fcomments&post=85"}],"version-history":[{"count":2,"href":"https:\/\/associationmirabel.fr\/index.php?rest_route=\/wp\/v2\/pages\/85\/revisions"}],"predecessor-version":[{"id":2077,"href":"https:\/\/associationmirabel.fr\/index.php?rest_route=\/wp\/v2\/pages\/85\/revisions\/2077"}],"up":[{"embeddable":true,"href":"https:\/\/associationmirabel.fr\/index.php?rest_route=\/wp\/v2\/pages\/96"}],"wp:attachment":[{"href":"https:\/\/associationmirabel.fr\/index.php?rest_route=%2Fwp%2Fv2%2Fmedia&parent=85"}],"curies":[{"name":"wp","href":"https:\/\/api.w.org\/{rel}","templated":true}]}}